{"id":1572,"date":"2022-10-20T13:59:48","date_gmt":"2022-10-20T11:59:48","guid":{"rendered":"https:\/\/czora.eu\/?page_id=1572"},"modified":"2023-09-14T17:11:21","modified_gmt":"2023-09-14T15:11:21","slug":"galvanischeverzinkung","status":"publish","type":"page","link":"https:\/\/czora.eu\/de\/galvanischeverzinkung\/","title":{"rendered":"Galvanische Verzinkung"},"content":{"rendered":"<div class=\"wpb-content-wrapper\"><p>[vc_row row_type=&#8220;row&#8220; use_row_as_full_screen_section=&#8220;no&#8220; type=&#8220;full_width&#8220; text_align=&#8220;left&#8220; background_animation=&#8220;none&#8220; css_animation=&#8220;&#8220; css=&#8220;.vc_custom_1567068453425{padding-top: 55px !important;background-color: #23475e !important;}&#8220;][vc_column width=&#8220;1\/2&#8243;][qode_elements_holder number_of_columns=&#8220;one_column&#8220;][qode_elements_holder_item item_padding=&#8220;0 5% 50px 33%&#8220; item_padding_1280_1600=&#8220;0px 5% 50px 20%&#8220; item_padding_1024_1280=&#8220;0px 5% 50px 20%&#8220; item_padding_768_1024=&#8220;0px 5% 50px 20%&#8220; item_padding_600_768=&#8220;0px 35px 50px 35px&#8220; item_padding_480_600=&#8220;0px 35px 50px 35px&#8220; item_padding_480=&#8220;0px 35px 50px 35px&#8220;][vc_column_text el_class=&#8220;top-slid&#8220;]<\/p>\n<h1><b>Galvanische VerzinkungVerzinkung<\/b><\/h1>\n<p>[\/vc_column_text][vc_column_text css=&#8220;.vc_custom_1694704170694{padding-top: 60px !important;}&#8220;]<a title=\"Zobacz film\" rel=\"noreferrer\" href=\"https:\/\/youtu.be\/jXOSziQF7rY\" class=\"vp-a vp-yt-type vp-modal-click vp-modal-click_shortcode vp-has-img\"><img decoding=\"async\" class=\"vp-img\" src=\"https:\/\/czora.eu\/wp-content\/uploads\/2023\/02\/zobacz-wiecej-de.png\"><\/a>[\/vc_column_text][\/qode_elements_holder_item][\/qode_elements_holder][\/vc_column][vc_column width=&#8220;1\/2&#8243;][vc_single_image image=&#8220;1732&#8243; img_size=&#8220;full&#8220; alignment=&#8220;center&#8220; qode_css_animation=&#8220;&#8220;][\/vc_column][\/vc_row][vc_row row_type=&#8220;row&#8220; use_row_as_full_screen_section=&#8220;no&#8220; type=&#8220;grid&#8220; text_align=&#8220;left&#8220; background_animation=&#8220;none&#8220; css_animation=&#8220;&#8220; css=&#8220;.vc_custom_1567591557747{padding-top: 5% !important;}&#8220;][vc_column width=&#8220;1\/2&#8243; css=&#8220;.vc_custom_1564474608414{padding-top: 20px !important;padding-bottom: 20px !important;}&#8220;][vc_column_text]Unser Leistungsspektrum umfasst auch die Verzinkung. Wir verf\u00fcgen \u00fcber eine vollautomatische Verzinkungsanlage, die einen wirksamen Schutz der Metalle vor Korrosion gew\u00e4hrleistet. Die alkalische Verzinkung erm\u00f6glicht uns, gl\u00e4nzende Details mit einer perfekten Verteilung der Zinkschicht zu erzielen.<\/p>\n<p>Wir garantieren die hohe Qualit\u00e4t der aufgebrachten galvanischen \u00dcberz\u00fcge.<\/p>\n<p><strong>Unser Angebot:<\/strong><\/p>\n<p>\u2013 Verzinkung von Pendelteilen bis zu den Abmessungen (2500x700x1500\/LxBxH)<br \/>\n\u2013 Anwendung verschiedener Schichtdicken<br \/>\n\u2013 Kobaltfreie Blaupassivierung Cr<sup>3+<br \/>\n<\/sup>\u2013 Schnelle Abwicklungszeit<br \/>\n\u2013 P\u00fcnktlichkeit der Auftr\u00e4ge<br \/>\n\u2013 Wettbewerbsf\u00e4hige Preise<\/p>\n<p>Die galvanische Verzinkung ist ein weit verbreitetes Verfahren, um Stahl oder Gusseisen vor Korrosion zu sch\u00fctzen, hat aber auch dekorative Eigenschaften, wenn eine blaue Chromatschicht entsteht. Mit unserer hochmodernen Anlage, die aus 52m3 Prozessb\u00e4dern und vier kontinuierlich arbeitenden Manipulatoren besteht, sind wir in der Lage, rund 500 Tonnen Material pro Monat zu verzinken.[\/vc_column_text][\/vc_column][vc_column width=&#8220;1\/2&#8243; css=&#8220;.vc_custom_1688639844838{padding-top: 720px !important;padding-bottom: 20px !important;background-image: url(https:\/\/czora.eu\/wp-content\/uploads\/2022\/10\/z7.jpg?id=1747) !important;background-position: center !important;background-repeat: no-repeat !important;background-size: cover !important;}&#8220;][\/vc_column][\/vc_row][vc_row row_type=&#8220;row&#8220; use_row_as_full_screen_section=&#8220;no&#8220; type=&#8220;grid&#8220; text_align=&#8220;left&#8220; background_animation=&#8220;none&#8220; css_animation=&#8220;&#8220; css=&#8220;.vc_custom_1688639870562{padding-top: 5% !important;padding-bottom: 90px !important;}&#8220;][vc_column width=&#8220;1\/2&#8243; css=&#8220;.vc_custom_1564474602434{padding-top: 20px !important;padding-bottom: 20px !important;}&#8220;][vc_column_text]<\/p>\n<h3 style=\"font-weight: 400;\"><strong>Umfassende Dienstleistungen<\/strong><\/h3>\n<p>Die sukzessive Entwicklung unseres Unternehmens f\u00fchrt zu einer Ausweitung der angebotenen Dienstleistungen. Um den Erwartungen unserer Kunden gerecht zu werden, bieten wir einen umfassenden Service zur Produktentwicklung an, einschlie\u00dflich Design, Produktion, Verpackung und Versand an den Kunden. Auf diese Weise hat der Kunde die st\u00e4ndige Kontrolle \u00fcber das Produkt und die Wartezeit wird auf ein Minimum reduziert.<\/p>\n<p>&nbsp;<\/p>\n<h3><strong>Sicherheit und Umwelt<\/strong><\/h3>\n<p>Da wir uns der Nachhaltigkeit verpflichtet f\u00fchlen, bem\u00fchen wir uns st\u00e4ndig um Ver\u00e4nderungen in unserem Betrieb.<\/p>\n<p>Wir verf\u00fcgen derzeit \u00fcber eine Reihe von Zertifikaten, die best\u00e4tigen, dass wir nach Sicherheits- und Umweltstandards arbeiten, darunter ISO 14001:2015.[\/vc_column_text][\/vc_column][vc_column width=&#8220;1\/2&#8243; css=&#8220;.vc_custom_1564474608414{padding-top: 20px !important;padding-bottom: 20px !important;}&#8220;][vc_column_text]<\/p>\n<h3><strong>Qualit\u00e4tskontrolle<\/strong><\/h3>\n<p>Um sicherzustellen, dass jedes Produkt die relevanten Kriterien unserer Kunden erf\u00fcllt, haben wir eine spezielle Laborausr\u00fcstung angeschafft, die uns hilft, wiederholbare Beschichtungen herzustellen. Wir sind sicher, dass die Beschichtung, die wir auf das Material auftragen, den h\u00f6chsten Standards entspricht.<\/p>\n<p>Analysen, die wir entweder selbst oder in Zusammenarbeit mit anderen durchf\u00fchren k\u00f6nnen, sind:<\/p>\n<p>&nbsp;<\/p>\n<ul>\n<li>Zustandspr\u00fcfung von Galvanikb\u00e4dern mit einer \u201eHULL-Zelle\u201c<\/li>\n<li>Analyse der Zusammensetzung von Galvanikb\u00e4dern mittels Titrationsverfahren auf die Anwesenheit von Kationen und Anionen<\/li>\n<li>Analyse der Badzusammensetzung durch Atomabsorptionsspektrometrie (AAS)<\/li>\n<li>Messung der Schichtdicke und -zusammensetzung sowie Analyse der Badzusammensetzung mittels R\u00f6ntgenfluoreszenz<\/li>\n<li>Korrosionspr\u00fcfungen im inerten Salzspr\u00fchnebel nach ISO \u2013 9227:2017 und Pr\u00fcfungen in einer Klimakammerunter Verwendung der Korrosionspr\u00fcfkammer ASCOTT SS 450IS.<\/li>\n<\/ul>\n<p>[\/vc_column_text][\/vc_column][\/vc_row][vc_row row_type=&#8220;row&#8220; use_row_as_full_screen_section=&#8220;no&#8220; type=&#8220;full_width&#8220; text_align=&#8220;left&#8220; background_animation=&#8220;none&#8220; css_animation=&#8220;&#8220;][vc_column]<div class='qode_carousels_holder clearfix hover_second_image'><div class='qode_carousels ' data-number_of_items = 3><ul class='slides'><li class='item'><div class=\"carousel_item_holder\"><span class='first_image_holder '><img src='https:\/\/czora.eu\/wp-content\/uploads\/2022\/10\/z12.jpg' alt='cynkowanie2'><\/span><\/div><\/li><li class='item'><div class=\"carousel_item_holder\"><span class='first_image_holder '><img src='https:\/\/czora.eu\/wp-content\/uploads\/2022\/10\/z42.jpg' alt='cynkowanie3'><\/span><\/div><\/li><li class='item'><div class=\"carousel_item_holder\"><span class='first_image_holder '><img src='https:\/\/czora.eu\/wp-content\/uploads\/2022\/10\/z62.jpg' alt='cynkowanie4'><\/span><\/div><\/li><li class='item'><div class=\"carousel_item_holder\"><span class='first_image_holder '><img src='https:\/\/czora.eu\/wp-content\/uploads\/2022\/10\/z52.jpg' alt='cynkowanie5'><\/span><\/div><\/li><li class='item'><div class=\"carousel_item_holder\"><span class='first_image_holder '><img src='https:\/\/czora.eu\/wp-content\/uploads\/2022\/10\/z32.jpg' alt='cynkowanie1'><\/span><\/div><\/li><\/ul><ul class=\"caroufredsel-direction-nav\"><li class=\"caroufredsel-prev-holder\"><a id=\"caroufredsel-prev\" class=\"qode_carousel_prev caroufredsel-navigation-item caroufredsel-prev\" href=\"javascript: void(0)\"><span class=\"arrow_carrot-left\"><\/span><\/a><\/li><li class=\"caroufredsel-next-holder\"><a class=\"qode_carousel_next caroufredsel-next caroufredsel-navigation-item\" id=\"caroufredsel-next\" href=\"javascript: void(0)\"><span class=\"arrow_carrot-right\"><\/span><\/a><\/li><\/ul><\/div><\/div>[\/vc_column][\/vc_row]<\/p>\n<\/div>","protected":false},"excerpt":{"rendered":"<p>[vc_row row_type=&#8220;row&#8220; use_row_as_full_screen_section=&#8220;no&#8220; type=&#8220;full_width&#8220; text_align=&#8220;left&#8220; background_animation=&#8220;none&#8220; css_animation=&#8220;&#8220; css=&#8220;.vc_custom_1567068453425{padding-top: 55px !important;background-color: #23475e !important;}&#8220;][vc_column width=&#8220;1\/2&#8243;][qode_elements_holder number_of_columns=&#8220;one_column&#8220;][qode_elements_holder_item item_padding=&#8220;0 5% 50px 33%&#8220; item_padding_1280_1600=&#8220;0px 5% 50px 20%&#8220; item_padding_1024_1280=&#8220;0px 5% 50px 20%&#8220; item_padding_768_1024=&#8220;0px 5% 50px 20%&#8220; item_padding_600_768=&#8220;0px 35px 50px 35px&#8220; item_padding_480_600=&#8220;0px 35px 50px 35px&#8220; item_padding_480=&#8220;0px 35px 50px 35px&#8220;][vc_column_text el_class=&#8220;top-slid&#8220;] Galvanische VerzinkungVerzinkung&#8230;<\/p>\n","protected":false},"author":2,"featured_media":0,"parent":0,"menu_order":0,"comment_status":"closed","ping_status":"closed","template":"full_width.php","meta":{"footnotes":""},"class_list":["post-1572","page","type-page","status-publish","hentry"],"aioseo_notices":[],"_links":{"self":[{"href":"https:\/\/czora.eu\/de\/wp-json\/wp\/v2\/pages\/1572","targetHints":{"allow":["GET"]}}],"collection":[{"href":"https:\/\/czora.eu\/de\/wp-json\/wp\/v2\/pages"}],"about":[{"href":"https:\/\/czora.eu\/de\/wp-json\/wp\/v2\/types\/page"}],"author":[{"embeddable":true,"href":"https:\/\/czora.eu\/de\/wp-json\/wp\/v2\/users\/2"}],"replies":[{"embeddable":true,"href":"https:\/\/czora.eu\/de\/wp-json\/wp\/v2\/comments?post=1572"}],"version-history":[{"count":10,"href":"https:\/\/czora.eu\/de\/wp-json\/wp\/v2\/pages\/1572\/revisions"}],"predecessor-version":[{"id":2827,"href":"https:\/\/czora.eu\/de\/wp-json\/wp\/v2\/pages\/1572\/revisions\/2827"}],"wp:attachment":[{"href":"https:\/\/czora.eu\/de\/wp-json\/wp\/v2\/media?parent=1572"}],"curies":[{"name":"wp","href":"https:\/\/api.w.org\/{rel}","templated":true}]}}