{"id":1934,"date":"2023-04-13T11:38:10","date_gmt":"2023-04-13T09:38:10","guid":{"rendered":"https:\/\/czora.eu\/?page_id=1934"},"modified":"2023-09-14T17:13:16","modified_gmt":"2023-09-14T15:13:16","slug":"laserschweissen","status":"publish","type":"page","link":"https:\/\/czora.eu\/de\/laserschweissen\/","title":{"rendered":"Laserschwei\u00dfen"},"content":{"rendered":"<div class=\"wpb-content-wrapper\"><p>[vc_row row_type=&#8220;row&#8220; use_row_as_full_screen_section=&#8220;no&#8220; type=&#8220;full_width&#8220; text_align=&#8220;left&#8220; background_animation=&#8220;none&#8220; css_animation=&#8220;&#8220; css=&#8220;.vc_custom_1567068308446{padding-top: 55px !important;background-color: #23475e !important;}&#8220;][vc_column width=&#8220;1\/2&#8243;][qode_elements_holder number_of_columns=&#8220;one_column&#8220;][qode_elements_holder_item item_padding=&#8220;0 5% 50px 33%&#8220; item_padding_1280_1600=&#8220;0px 5% 50px 20%&#8220; item_padding_1024_1280=&#8220;0px 5% 50px 20%&#8220; item_padding_768_1024=&#8220;0px 5% 50px 20%&#8220; item_padding_600_768=&#8220;0px 35px 50px 35px&#8220; item_padding_480_600=&#8220;0px 35px 50px 35px&#8220; item_padding_480=&#8220;0px 35px 50px 35px&#8220;][vc_column_text el_class=&#8220;top-slid&#8220;]<\/p>\n<h1>Laserschwei\u00dfen<\/h1>\n<p>3000W tragbares Laserschwei\u00dfger\u00e4t[\/vc_column_text][\/qode_elements_holder_item][\/qode_elements_holder][\/vc_column][vc_column width=&#8220;1\/2&#8243;][vc_single_image image=&#8220;1960&#8243; img_size=&#8220;full&#8220; alignment=&#8220;center&#8220; qode_css_animation=&#8220;&#8220;][\/vc_column][\/vc_row][vc_row row_type=&#8220;row&#8220; use_row_as_full_screen_section=&#8220;no&#8220; type=&#8220;grid&#8220; text_align=&#8220;left&#8220; background_animation=&#8220;none&#8220; css_animation=&#8220;&#8220; css=&#8220;.vc_custom_1564474589153{padding-top: 5% !important;padding-bottom: 5% !important;}&#8220;][vc_column width=&#8220;1\/2&#8243; css=&#8220;.vc_custom_1680892162019{padding-top: 60px !important;padding-bottom: 20px !important;}&#8220;][vc_column_text css=&#8220;.vc_custom_1694704369634{padding-right: 10% !important;}&#8220;]<\/p>\n<h2>Modernes Faserlaser-Schwei\u00dfger\u00e4t<\/h2>\n<p>&nbsp;<\/p>\n<h4>Eine revolution\u00e4re Methode, Materialien zu kombinieren<\/h4>\n<p>&nbsp;<\/p>\n<p>Das Laserschwei\u00dfen besteht darin, den Kontaktbereich mit einem konzentrierten Lichtstrahl sehr hoher Leistung zu schmelzen. Die modernste Methode zum Verbinden von Metallen und Legierungen <strong>mit der Sie Details jeder Dicke und Form schwei\u00dfen k\u00f6nnen.<\/strong><\/p>\n<p>&nbsp;<\/p>\n<p>Starke, optisch einwandfreie Schwei\u00dfn\u00e4hte zu erzielen, wird in vielen Fertigungsprozessen immer wichtiger. Laserschwei\u00dfsysteme bieten die <strong>Pr\u00e4zision und Effizienz<\/strong>, die f\u00fcr industrielle Gro\u00dfanwendungen erforderlich sind, sowie die Flexibilit\u00e4t und Feinf\u00fchligkeit, die f\u00fcr das <strong>Schwei\u00dfen kleiner Teile<\/strong> erforderlich sind[\/vc_column_text][\/vc_column][vc_column width=&#8220;1\/2&#8243; css=&#8220;.vc_custom_1689071001241{padding-top: 650px !important;padding-bottom: 20px !important;background-image: url(https:\/\/czora.eu\/wp-content\/uploads\/2023\/07\/SpawL-1.jpg?id=2533) !important;background-position: center !important;background-repeat: no-repeat !important;background-size: cover !important;}&#8220;][\/vc_column][\/vc_row][vc_row row_type=&#8220;row&#8220; use_row_as_full_screen_section=&#8220;no&#8220; type=&#8220;grid&#8220; text_align=&#8220;left&#8220; background_animation=&#8220;none&#8220; css_animation=&#8220;&#8220; css=&#8220;.vc_custom_1564475198233{padding-bottom: 5% !important;}&#8220;][vc_column width=&#8220;1\/2&#8243; css=&#8220;.vc_custom_1689154113422{padding-top: 700px !important;padding-bottom: 20px !important;background-image: url(https:\/\/czora.eu\/wp-content\/uploads\/2023\/07\/SpawL-10-scaled.jpg?id=2536) !important;background-position: center !important;background-repeat: no-repeat !important;background-size: cover !important;}&#8220;][\/vc_column][vc_column width=&#8220;1\/2&#8243; css=&#8220;.vc_custom_1688638971106{padding-top: 20px !important;padding-bottom: 20px !important;padding-left: 10% !important;}&#8220;][vc_column_text css=&#8220;.vc_custom_1694704380987{padding-bottom: 20px !important;}&#8220;]<\/p>\n<h4><strong>Geschwei\u00dfte Details erfordern keine weitere Bearbeitung. Die Hauptvorteile dieser Technologie sind:<\/strong><\/h4>\n<p>[\/vc_column_text][vc_column_text el_class=&#8220;lista&#8220;]<\/p>\n<ul>\n<li>Minimaler W\u00e4rmeeintrag, dank dem der Verzug des geschwei\u00dften Details sehr gering ist<\/li>\n<li>Kleine W\u00e4rmeeinflusszone<\/li>\n<li>Konsistente, wiederholbare Schwei\u00dfn\u00e4hte<\/li>\n<li>Schmale Schwei\u00dfnaht mit gutem Aussehen<\/li>\n<li>Hochfeste Schwei\u00dfn\u00e4hte<\/li>\n<li>Einfache Prozessautomatisierung<\/li>\n<li>Hoher Grad an Genauigkeit und Kontrolle<\/li>\n<li>F\u00e4higkeit, verschiedene Materialien zu schwei\u00dfen<\/li>\n<li>Kein Flussmittel oder F\u00fcllmaterial erforderlich<\/li>\n<\/ul>\n<p>[\/vc_column_text][\/vc_column][\/vc_row][vc_row row_type=&#8220;row&#8220; use_row_as_full_screen_section=&#8220;no&#8220; type=&#8220;full_width&#8220; text_align=&#8220;left&#8220; background_animation=&#8220;none&#8220; css_animation=&#8220;&#8220;][vc_column]<div class='qode_carousels_holder clearfix hover_second_image'><div class='qode_carousels ' data-number_of_items = 3><ul class='slides'><li class='item'><div class=\"carousel_item_holder\"><span class='first_image_holder '><img src='https:\/\/czora.eu\/wp-content\/uploads\/2023\/07\/c1.webp' alt='spawanie-laserowe-2'><\/span><\/div><\/li><li class='item'><div class=\"carousel_item_holder\"><span class='first_image_holder '><img src='https:\/\/czora.eu\/wp-content\/uploads\/2023\/07\/c2.webp' alt='spawanie-laserowe-3'><\/span><\/div><\/li><li class='item'><div class=\"carousel_item_holder\"><span class='first_image_holder '><img src='https:\/\/czora.eu\/wp-content\/uploads\/2023\/07\/c3.webp' alt='spawanie-laserowe-4'><\/span><\/div><\/li><li class='item'><div class=\"carousel_item_holder\"><span class='first_image_holder '><img src='https:\/\/czora.eu\/wp-content\/uploads\/2023\/07\/c4.webp' alt='spawanie-laserowe-6'><\/span><\/div><\/li><li class='item'><div class=\"carousel_item_holder\"><span class='first_image_holder '><img src='https:\/\/czora.eu\/wp-content\/uploads\/2023\/07\/c5.webp' alt='spawanie-laserowe-7'><\/span><\/div><\/li><li class='item'><div class=\"carousel_item_holder\"><span class='first_image_holder '><img src='https:\/\/czora.eu\/wp-content\/uploads\/2023\/07\/c6.webp' alt='spawanie-laserowe-8'><\/span><\/div><\/li><\/ul><ul class=\"caroufredsel-direction-nav\"><li class=\"caroufredsel-prev-holder\"><a id=\"caroufredsel-prev\" class=\"qode_carousel_prev caroufredsel-navigation-item caroufredsel-prev\" href=\"javascript: void(0)\"><span class=\"arrow_carrot-left\"><\/span><\/a><\/li><li class=\"caroufredsel-next-holder\"><a class=\"qode_carousel_next caroufredsel-next caroufredsel-navigation-item\" id=\"caroufredsel-next\" href=\"javascript: void(0)\"><span class=\"arrow_carrot-right\"><\/span><\/a><\/li><\/ul><\/div><\/div>[\/vc_column][\/vc_row]<\/p>\n<\/div>","protected":false},"excerpt":{"rendered":"<p>[vc_row row_type=&#8220;row&#8220; use_row_as_full_screen_section=&#8220;no&#8220; type=&#8220;full_width&#8220; text_align=&#8220;left&#8220; background_animation=&#8220;none&#8220; css_animation=&#8220;&#8220; css=&#8220;.vc_custom_1567068308446{padding-top: 55px !important;background-color: #23475e !important;}&#8220;][vc_column width=&#8220;1\/2&#8243;][qode_elements_holder number_of_columns=&#8220;one_column&#8220;][qode_elements_holder_item item_padding=&#8220;0 5% 50px 33%&#8220; item_padding_1280_1600=&#8220;0px 5% 50px 20%&#8220; item_padding_1024_1280=&#8220;0px 5% 50px 20%&#8220; item_padding_768_1024=&#8220;0px 5% 50px 20%&#8220; item_padding_600_768=&#8220;0px 35px 50px 35px&#8220; item_padding_480_600=&#8220;0px 35px 50px 35px&#8220; item_padding_480=&#8220;0px 35px 50px 35px&#8220;][vc_column_text el_class=&#8220;top-slid&#8220;] Laserschwei\u00dfen 3000W&#8230;<\/p>\n","protected":false},"author":2,"featured_media":0,"parent":0,"menu_order":0,"comment_status":"closed","ping_status":"closed","template":"full_width.php","meta":{"footnotes":""},"class_list":["post-1934","page","type-page","status-publish","hentry"],"aioseo_notices":[],"_links":{"self":[{"href":"https:\/\/czora.eu\/de\/wp-json\/wp\/v2\/pages\/1934","targetHints":{"allow":["GET"]}}],"collection":[{"href":"https:\/\/czora.eu\/de\/wp-json\/wp\/v2\/pages"}],"about":[{"href":"https:\/\/czora.eu\/de\/wp-json\/wp\/v2\/types\/page"}],"author":[{"embeddable":true,"href":"https:\/\/czora.eu\/de\/wp-json\/wp\/v2\/users\/2"}],"replies":[{"embeddable":true,"href":"https:\/\/czora.eu\/de\/wp-json\/wp\/v2\/comments?post=1934"}],"version-history":[{"count":4,"href":"https:\/\/czora.eu\/de\/wp-json\/wp\/v2\/pages\/1934\/revisions"}],"predecessor-version":[{"id":2829,"href":"https:\/\/czora.eu\/de\/wp-json\/wp\/v2\/pages\/1934\/revisions\/2829"}],"wp:attachment":[{"href":"https:\/\/czora.eu\/de\/wp-json\/wp\/v2\/media?parent=1934"}],"curies":[{"name":"wp","href":"https:\/\/api.w.org\/{rel}","templated":true}]}}