{"id":2360,"date":"2023-09-14T16:16:26","date_gmt":"2023-09-14T14:16:26","guid":{"rendered":"https:\/\/czora.eu\/?page_id=2360"},"modified":"2025-10-23T13:35:08","modified_gmt":"2025-10-23T11:35:08","slug":"unsere-zertifikate","status":"publish","type":"page","link":"https:\/\/czora.eu\/de\/unsere-zertifikate\/","title":{"rendered":"Unsere Zertifikate"},"content":{"rendered":"<div class=\"wpb-content-wrapper\"><p>[vc_row row_type=&#8220;row&#8220; use_row_as_full_screen_section=&#8220;no&#8220; type=&#8220;full_width&#8220; text_align=&#8220;left&#8220; background_animation=&#8220;none&#8220; css_animation=&#8220;&#8220; css=&#8220;.vc_custom_1567068049715{padding-top: 55px !important;background-color: #23475e !important;}&#8220;][vc_column css_animation=&#8220;zoomIn&#8220; width=&#8220;1\/2&#8243;][qode_elements_holder number_of_columns=&#8220;one_column&#8220;][qode_elements_holder_item item_padding=&#8220;0 5% 50px 33%&#8220; item_padding_1280_1600=&#8220;0px 5% 50px 20%&#8220; item_padding_1024_1280=&#8220;0px 5% 50px 20%&#8220; item_padding_768_1024=&#8220;0px 5% 50px 20%&#8220; item_padding_600_768=&#8220;0px 35px 50px 35px&#8220; item_padding_480_600=&#8220;0px 35px 50px 35px&#8220; item_padding_480=&#8220;0px 35px 50px 35px&#8220;][vc_column_text el_class=&#8220;top-slid&#8220;]<\/p>\n<h1>Zertifizierung<\/h1>\n<p>[\/vc_column_text][\/qode_elements_holder_item][\/qode_elements_holder][\/vc_column][vc_column width=&#8220;1\/2&#8243;][vc_single_image image=&#8220;540&#8243; img_size=&#8220;full&#8220; alignment=&#8220;center&#8220; qode_css_animation=&#8220;&#8220;][\/vc_column][\/vc_row][vc_row row_type=&#8220;row&#8220; use_row_as_full_screen_section=&#8220;no&#8220; type=&#8220;grid&#8220; text_align=&#8220;left&#8220; background_animation=&#8220;none&#8220; css_animation=&#8220;&#8220; css=&#8220;.vc_custom_1675752261981{padding-top: 5% !important;padding-bottom: 5% !important;background-color: #dadada !important;}&#8220; el_id=&#8220;certyfikaty&#8220;][vc_column width=&#8220;1\/2&#8243; css=&#8220;.vc_custom_1564475871029{padding-top: 20px !important;padding-bottom: 20px !important;}&#8220;][vc_column_text]<\/p>\n<h2>Unsere Kompetenzen werden durch beste Zertifikate belegt.<\/h2>\n<h4><strong>Unsere zertifikate erf\u00fcllen strenge anforderungen von deutschen und polnischen zertifizierungssystemen.<\/strong><\/h4>\n<p>[\/vc_column_text][\/vc_column][vc_column width=&#8220;1\/2&#8243; css=&#8220;.vc_custom_1564475877299{padding-top: 20px !important;padding-bottom: 20px !important;}&#8220;][qode_elements_holder number_of_columns=&#8220;one_column&#8220;][qode_elements_holder_item item_padding=&#8220;17% 0 0 0&#8243; item_padding_600_768=&#8220;0 0 0 0&#8243; item_padding_480_600=&#8220;0 0 0 0&#8243; item_padding_480=&#8220;0 0 0 0&#8243;][vc_column_text]<strong>Um die Qualit\u00e4t der Produkte, die Kundenzufriedenheit und den Umweltschutz zu gew\u00e4hrleisten, haben wir Zertifizierungssysteme implementiert und erhalten:<\/strong><\/p>\n<p>ISO 9001:2015<\/p>\n<p>ISO 14001:2015<\/p>\n<p>&nbsp;<\/p>\n<p><strong>Wir verf\u00fcgen \u00fcber Zertifikate von weltweitem Unternehmen GSI-SLV in den Bereichen wie Schwei\u00dfen, Pressschwei\u00dfen von Werkzeugstahl, normalem Stahl (Schwarzstahl) und rostfreiem Stahl gem\u00e4\u00df europ\u00e4ischen Normen <\/strong><\/p>\n<p>DIN EN ISO 3834-2<\/p>\n<p>EN1090-2:2008+A1:2011<\/p>\n<p>&nbsp;<\/p>\n<p><strong>Wir besitzen auch ein Zertifikat f\u00fcr das Schwei\u00dfen von Schienenfahrzeugen und Fahrzeugteilen gem\u00e4\u00df der Norm:<\/strong><\/p>\n<p>EN\u00a015085-2 CL2<\/p>\n<p><b>\u00a0<\/b>[\/vc_column_text][\/qode_elements_holder_item][\/qode_elements_holder][\/vc_column][vc_column css_animation=&#8220;fadeInUp&#8220;][vc_row_inner row_type=&#8220;row&#8220; type=&#8220;full_width&#8220; use_row_as_full_screen_section_slide=&#8220;no&#8220; text_align=&#8220;left&#8220; css_animation=&#8220;&#8220; css=&#8220;.vc_custom_1564475895556{margin-top: 50px !important;}&#8220;][vc_column_inner width=&#8220;1\/6&#8243; css=&#8220;.vc_custom_1665044986656{padding-top: 20px !important;padding-bottom: 20px !important;}&#8220;][vc_single_image image=&#8220;4680&#8243; img_size=&#8220;medium&#8220; alignment=&#8220;center&#8220; onclick=&#8220;link_image&#8220; qode_css_animation=&#8220;&#8220; css=&#8220;.vc_custom_1761219159665{padding-top: 0px !important;}&#8220;][\/vc_column_inner][vc_column_inner width=&#8220;1\/6&#8243; css=&#8220;.vc_custom_1657088501016{padding-top: 20px !important;padding-bottom: 20px !important;}&#8220;][vc_single_image image=&#8220;4492&#8243; img_size=&#8220;medium&#8220; alignment=&#8220;center&#8220; onclick=&#8220;link_image&#8220; qode_css_animation=&#8220;&#8220; css=&#8220;.vc_custom_1728984834697{padding-top: 0px !important;}&#8220;][\/vc_column_inner][vc_column_inner width=&#8220;1\/6&#8243; css=&#8220;.vc_custom_1564486541128{padding-top: 20px !important;padding-bottom: 20px !important;}&#8220;][vc_single_image image=&#8220;4632&#8243; img_size=&#8220;medium&#8220; alignment=&#8220;center&#8220; onclick=&#8220;link_image&#8220; qode_css_animation=&#8220;&#8220; css=&#8220;.vc_custom_1750924497911{padding-top: 0px !important;}&#8220;][\/vc_column_inner][vc_column_inner width=&#8220;1\/6&#8243; css=&#8220;.vc_custom_1564486733606{padding-top: 20px !important;padding-bottom: 20px !important;}&#8220;][vc_single_image image=&#8220;4635&#8243; img_size=&#8220;medium&#8220; alignment=&#8220;center&#8220; onclick=&#8220;link_image&#8220; qode_css_animation=&#8220;&#8220; css=&#8220;.vc_custom_1750924506716{padding-top: 0px !important;}&#8220;][\/vc_column_inner][vc_column_inner width=&#8220;1\/6&#8243; css=&#8220;.vc_custom_1564486740572{padding-top: 20px !important;padding-bottom: 20px !important;}&#8220;][vc_single_image image=&#8220;4602&#8243; img_size=&#8220;medium&#8220; alignment=&#8220;center&#8220; onclick=&#8220;link_image&#8220; qode_css_animation=&#8220;&#8220; css=&#8220;.vc_custom_1750924522061{padding-top: 0px !important;}&#8220;][\/vc_column_inner][vc_column_inner width=&#8220;1\/6&#8243; css=&#8220;.vc_custom_1566992548963{padding-top: 20px !important;padding-bottom: 20px !important;}&#8220;][vc_single_image image=&#8220;4605&#8243; img_size=&#8220;medium&#8220; alignment=&#8220;center&#8220; onclick=&#8220;link_image&#8220; qode_css_animation=&#8220;&#8220; css=&#8220;.vc_custom_1750924529874{padding-top: 0px !important;}&#8220;][\/vc_column_inner][\/vc_row_inner][vc_row_inner row_type=&#8220;row&#8220; type=&#8220;full_width&#8220; use_row_as_full_screen_section_slide=&#8220;no&#8220; text_align=&#8220;left&#8220; css_animation=&#8220;&#8220; css=&#8220;.vc_custom_1564475895556{margin-top: 50px !important;}&#8220;][vc_column_inner width=&#8220;1\/6&#8243; css=&#8220;.vc_custom_1665044986656{padding-top: 20px !important;padding-bottom: 20px !important;}&#8220;][vc_single_image image=&#8220;4608&#8243; img_size=&#8220;medium&#8220; alignment=&#8220;center&#8220; onclick=&#8220;link_image&#8220; qode_css_animation=&#8220;&#8220; css=&#8220;.vc_custom_1750924541913{padding-top: 0px !important;}&#8220;][\/vc_column_inner][vc_column_inner width=&#8220;1\/6&#8243; css=&#8220;.vc_custom_1657088501016{padding-top: 20px !important;padding-bottom: 20px !important;}&#8220;][vc_single_image image=&#8220;4611&#8243; img_size=&#8220;medium&#8220; alignment=&#8220;center&#8220; onclick=&#8220;link_image&#8220; qode_css_animation=&#8220;&#8220; css=&#8220;.vc_custom_1750924550089{padding-top: 0px !important;}&#8220;][\/vc_column_inner][vc_column_inner width=&#8220;1\/6&#8243; css=&#8220;.vc_custom_1564486541128{padding-top: 20px !important;padding-bottom: 20px !important;}&#8220;][vc_single_image image=&#8220;4614&#8243; img_size=&#8220;medium&#8220; alignment=&#8220;center&#8220; onclick=&#8220;link_image&#8220; qode_css_animation=&#8220;&#8220; css=&#8220;.vc_custom_1750924560985{padding-top: 0px !important;}&#8220;][\/vc_column_inner][vc_column_inner width=&#8220;1\/6&#8243; css=&#8220;.vc_custom_1564486733606{padding-top: 20px !important;padding-bottom: 20px !important;}&#8220;][vc_single_image image=&#8220;4617&#8243; img_size=&#8220;medium&#8220; alignment=&#8220;center&#8220; onclick=&#8220;link_image&#8220; qode_css_animation=&#8220;&#8220; css=&#8220;.vc_custom_1750924569931{padding-top: 0px !important;}&#8220;][\/vc_column_inner][vc_column_inner width=&#8220;1\/6&#8243; css=&#8220;.vc_custom_1564486740572{padding-top: 20px !important;padding-bottom: 20px !important;}&#8220;][vc_single_image image=&#8220;4620&#8243; img_size=&#8220;medium&#8220; alignment=&#8220;center&#8220; onclick=&#8220;link_image&#8220; qode_css_animation=&#8220;&#8220; css=&#8220;.vc_custom_1750924577311{padding-top: 0px !important;}&#8220;][\/vc_column_inner][vc_column_inner width=&#8220;1\/6&#8243; css=&#8220;.vc_custom_1566992548963{padding-top: 20px !important;padding-bottom: 20px !important;}&#8220;][vc_single_image image=&#8220;4623&#8243; img_size=&#8220;medium&#8220; alignment=&#8220;center&#8220; onclick=&#8220;link_image&#8220; qode_css_animation=&#8220;&#8220; css=&#8220;.vc_custom_1750924584794{padding-top: 0px !important;}&#8220;][\/vc_column_inner][\/vc_row_inner][vc_row_inner row_type=&#8220;row&#8220; type=&#8220;full_width&#8220; use_row_as_full_screen_section_slide=&#8220;no&#8220; text_align=&#8220;left&#8220; css_animation=&#8220;&#8220; css=&#8220;.vc_custom_1564475895556{margin-top: 50px !important;}&#8220;][vc_column_inner width=&#8220;1\/6&#8243; css=&#8220;.vc_custom_1665044986656{padding-top: 20px !important;padding-bottom: 20px !important;}&#8220;][vc_single_image image=&#8220;4626&#8243; img_size=&#8220;medium&#8220; alignment=&#8220;center&#8220; onclick=&#8220;link_image&#8220; qode_css_animation=&#8220;&#8220; css=&#8220;.vc_custom_1750924592467{padding-top: 0px !important;}&#8220;][\/vc_column_inner][vc_column_inner width=&#8220;1\/6&#8243; css=&#8220;.vc_custom_1657088501016{padding-top: 20px !important;padding-bottom: 20px !important;}&#8220;][vc_single_image image=&#8220;4629&#8243; img_size=&#8220;medium&#8220; alignment=&#8220;center&#8220; onclick=&#8220;link_image&#8220; qode_css_animation=&#8220;&#8220; css=&#8220;.vc_custom_1750924601819{padding-top: 0px !important;}&#8220;][\/vc_column_inner][vc_column_inner width=&#8220;1\/6&#8243; css=&#8220;.vc_custom_1564486541128{padding-top: 20px !important;padding-bottom: 20px !important;}&#8220;][vc_single_image image=&#8220;4670&#8243; img_size=&#8220;medium&#8220; alignment=&#8220;center&#8220; onclick=&#8220;link_image&#8220; qode_css_animation=&#8220;&#8220; css=&#8220;.vc_custom_1756104342923{padding-top: 0px !important;}&#8220;][\/vc_column_inner][vc_column_inner width=&#8220;1\/6&#8243; css=&#8220;.vc_custom_1564486733606{padding-top: 20px !important;padding-bottom: 20px !important;}&#8220;][vc_single_image image=&#8220;4673&#8243; img_size=&#8220;medium&#8220; alignment=&#8220;center&#8220; onclick=&#8220;link_image&#8220; qode_css_animation=&#8220;&#8220; css=&#8220;.vc_custom_1756104354270{padding-top: 0px !important;}&#8220;][\/vc_column_inner][vc_column_inner width=&#8220;1\/6&#8243; css=&#8220;.vc_custom_1564486740572{padding-top: 20px !important;padding-bottom: 20px !important;}&#8220;][\/vc_column_inner][vc_column_inner width=&#8220;1\/6&#8243; css=&#8220;.vc_custom_1566992548963{padding-top: 20px !important;padding-bottom: 20px !important;}&#8220;][\/vc_column_inner][\/vc_row_inner][\/vc_column][\/vc_row]<\/p>\n<\/div>","protected":false},"excerpt":{"rendered":"<p>[vc_row row_type=&#8220;row&#8220; use_row_as_full_screen_section=&#8220;no&#8220; type=&#8220;full_width&#8220; text_align=&#8220;left&#8220; background_animation=&#8220;none&#8220; css_animation=&#8220;&#8220; css=&#8220;.vc_custom_1567068049715{padding-top: 55px !important;background-color: #23475e !important;}&#8220;][vc_column css_animation=&#8220;zoomIn&#8220; width=&#8220;1\/2&#8243;][qode_elements_holder number_of_columns=&#8220;one_column&#8220;][qode_elements_holder_item item_padding=&#8220;0 5% 50px 33%&#8220; item_padding_1280_1600=&#8220;0px 5% 50px 20%&#8220; item_padding_1024_1280=&#8220;0px 5% 50px 20%&#8220; item_padding_768_1024=&#8220;0px 5% 50px 20%&#8220; item_padding_600_768=&#8220;0px 35px 50px 35px&#8220; item_padding_480_600=&#8220;0px 35px 50px 35px&#8220; item_padding_480=&#8220;0px 35px 50px 35px&#8220;][vc_column_text el_class=&#8220;top-slid&#8220;] Zertifizierung&#8230;<\/p>\n","protected":false},"author":2,"featured_media":0,"parent":0,"menu_order":0,"comment_status":"closed","ping_status":"closed","template":"full_width.php","meta":{"footnotes":""},"class_list":["post-2360","page","type-page","status-publish","hentry"],"aioseo_notices":[],"_links":{"self":[{"href":"https:\/\/czora.eu\/de\/wp-json\/wp\/v2\/pages\/2360","targetHints":{"allow":["GET"]}}],"collection":[{"href":"https:\/\/czora.eu\/de\/wp-json\/wp\/v2\/pages"}],"about":[{"href":"https:\/\/czora.eu\/de\/wp-json\/wp\/v2\/types\/page"}],"author":[{"embeddable":true,"href":"https:\/\/czora.eu\/de\/wp-json\/wp\/v2\/users\/2"}],"replies":[{"embeddable":true,"href":"https:\/\/czora.eu\/de\/wp-json\/wp\/v2\/comments?post=2360"}],"version-history":[{"count":10,"href":"https:\/\/czora.eu\/de\/wp-json\/wp\/v2\/pages\/2360\/revisions"}],"predecessor-version":[{"id":4692,"href":"https:\/\/czora.eu\/de\/wp-json\/wp\/v2\/pages\/2360\/revisions\/4692"}],"wp:attachment":[{"href":"https:\/\/czora.eu\/de\/wp-json\/wp\/v2\/media?parent=2360"}],"curies":[{"name":"wp","href":"https:\/\/api.w.org\/{rel}","templated":true}]}}