{"id":2459,"date":"2023-09-14T17:37:05","date_gmt":"2023-09-14T15:37:05","guid":{"rendered":"https:\/\/czora.eu\/?page_id=2459"},"modified":"2023-09-14T17:37:05","modified_gmt":"2023-09-14T15:37:05","slug":"gewalzte-rohrschellen","status":"publish","type":"page","link":"https:\/\/czora.eu\/de\/gewalzte-rohrschellen\/","title":{"rendered":"Gewalzte Rohrschellen"},"content":{"rendered":"<div class=\"wpb-content-wrapper\"><p>[vc_row row_type=&#8220;row&#8220; use_row_as_full_screen_section=&#8220;no&#8220; type=&#8220;full_width&#8220; text_align=&#8220;left&#8220; background_animation=&#8220;none&#8220; css_animation=&#8220;&#8220; css=&#8220;.vc_custom_1567068288008{padding-top: 55px !important;background-color: #23475e !important;}&#8220;][vc_column width=&#8220;1\/2&#8243;][qode_elements_holder number_of_columns=&#8220;one_column&#8220;][qode_elements_holder_item item_padding=&#8220;0 5% 50px 33%&#8220; item_padding_1280_1600=&#8220;0px 5% 50px 20%&#8220; item_padding_1024_1280=&#8220;0px 5% 50px 20%&#8220; item_padding_768_1024=&#8220;0px 5% 50px 20%&#8220; item_padding_600_768=&#8220;0px 35px 50px 35px&#8220; item_padding_480_600=&#8220;0px 35px 50px 35px&#8220; item_padding_480=&#8220;0px 35px 50px 35px&#8220;][vc_column_text el_class=&#8220;top-slid&#8220;]<\/p>\n<h1>Gewalzte Rohrschellen<\/h1>\n<p>[\/vc_column_text][\/qode_elements_holder_item][\/qode_elements_holder][\/vc_column][vc_column width=&#8220;1\/2&#8243;][vc_single_image image=&#8220;2569&#8243; img_size=&#8220;full&#8220; alignment=&#8220;center&#8220; qode_css_animation=&#8220;&#8220;][\/vc_column][\/vc_row][vc_row row_type=&#8220;row&#8220; use_row_as_full_screen_section=&#8220;no&#8220; type=&#8220;grid&#8220; text_align=&#8220;left&#8220; background_animation=&#8220;none&#8220; css_animation=&#8220;&#8220; css=&#8220;.vc_custom_1688553763462{margin-bottom: 80px !important;padding-top: 5% !important;}&#8220;][vc_column width=&#8220;1\/2&#8243; css=&#8220;.vc_custom_1564474608414{padding-top: 20px !important;padding-bottom: 20px !important;}&#8220;][vc_column_text css=&#8220;.vc_custom_1694705815523{padding-right: 15% !important;}&#8220;]<strong>Wir haben uns auf die Herstellung von gewalzten Rohrschellen in verschiedenen Durchmessern spezialisiert. Wir f\u00fchren das Walzen von Flachst\u00e4hlen mit unterschiedlichen Dicken aus Schwarzstahl, Edelstahl und s\u00e4urebest\u00e4ndigem Stahl durch. Unser Maschinenpark ist mit modernsten Walzbiegemaschinen ausgestattet, die das Biegen mit beliebigem Radius und beliebiger L\u00e4nge erm\u00f6glichen.<\/strong><\/p>\n<p>&nbsp;<\/p>\n<p>Wir fertigen auch Rohrschellen mit Montagefu\u00df, die in verschiedenen Systemen f\u00fcr Rohrleitungen verwendet werden. Je nach den Anforderungen des Kunden k\u00f6nnen sie verschraubt oder geschwei\u00dft werden.<\/p>\n<p>&nbsp;<\/p>\n<p>Unsere hochqualifizierten Mitarbeiter verf\u00fcgen \u00fcber langj\u00e4hrige Erfahrung und sind in der Lage, Produkte h\u00f6chster Qualit\u00e4t herzustellen. Unser Team fertigt die Elemente gem\u00e4\u00df den erforderlichen Technologien, um hohe Festigkeit und Form gem\u00e4\u00df den Vorgaben im Projekt zu gew\u00e4hrleisten. Die Produkte werden in jeder Produktionsphase kontrolliert, um sicherzustellen, dass sie sicher und langlebig sind.[\/vc_column_text][\/vc_column][vc_column width=&#8220;1\/2&#8243; css=&#8220;.vc_custom_1689072415379{padding-top: 600px !important;background-image: url(https:\/\/czora.eu\/wp-content\/uploads\/2023\/07\/Obejmy-1.jpeg?id=2572) !important;background-position: center !important;background-repeat: no-repeat !important;background-size: cover !important;}&#8220;][\/vc_column][\/vc_row][vc_row row_type=&#8220;row&#8220; use_row_as_full_screen_section=&#8220;no&#8220; type=&#8220;full_width&#8220; text_align=&#8220;left&#8220; background_animation=&#8220;none&#8220; css_animation=&#8220;&#8220;][vc_column]<div class='qode_carousels_holder clearfix hover_second_image'><div class='qode_carousels ' data-number_of_items = 3><ul class='slides'><li class='item'><div class=\"carousel_item_holder\"><span class='first_image_holder '><img src='https:\/\/czora.eu\/wp-content\/uploads\/2023\/07\/obejmy-1.webp' alt='Obejmy 1'><\/span><\/div><\/li><li class='item'><div class=\"carousel_item_holder\"><span class='first_image_holder '><img src='https:\/\/czora.eu\/wp-content\/uploads\/2023\/07\/obejmy-2.webp' alt='Obejmy 2'><\/span><\/div><\/li><li class='item'><div class=\"carousel_item_holder\"><span class='first_image_holder '><img src='https:\/\/czora.eu\/wp-content\/uploads\/2023\/07\/obejmy-3.webp' alt='Obejmy 3'><\/span><\/div><\/li><\/ul><ul class=\"caroufredsel-direction-nav\"><li class=\"caroufredsel-prev-holder\"><a id=\"caroufredsel-prev\" class=\"qode_carousel_prev caroufredsel-navigation-item caroufredsel-prev\" href=\"javascript: void(0)\"><span class=\"arrow_carrot-left\"><\/span><\/a><\/li><li class=\"caroufredsel-next-holder\"><a class=\"qode_carousel_next caroufredsel-next caroufredsel-navigation-item\" id=\"caroufredsel-next\" href=\"javascript: void(0)\"><span class=\"arrow_carrot-right\"><\/span><\/a><\/li><\/ul><\/div><\/div>[\/vc_column][\/vc_row]<\/p>\n<\/div>","protected":false},"excerpt":{"rendered":"<p>[vc_row row_type=&#8220;row&#8220; use_row_as_full_screen_section=&#8220;no&#8220; type=&#8220;full_width&#8220; text_align=&#8220;left&#8220; background_animation=&#8220;none&#8220; css_animation=&#8220;&#8220; css=&#8220;.vc_custom_1567068288008{padding-top: 55px !important;background-color: #23475e !important;}&#8220;][vc_column width=&#8220;1\/2&#8243;][qode_elements_holder number_of_columns=&#8220;one_column&#8220;][qode_elements_holder_item item_padding=&#8220;0 5% 50px 33%&#8220; item_padding_1280_1600=&#8220;0px 5% 50px 20%&#8220; item_padding_1024_1280=&#8220;0px 5% 50px 20%&#8220; item_padding_768_1024=&#8220;0px 5% 50px 20%&#8220; item_padding_600_768=&#8220;0px 35px 50px 35px&#8220; item_padding_480_600=&#8220;0px 35px 50px 35px&#8220; item_padding_480=&#8220;0px 35px 50px 35px&#8220;][vc_column_text el_class=&#8220;top-slid&#8220;] Gewalzte Rohrschellen&#8230;<\/p>\n","protected":false},"author":2,"featured_media":0,"parent":0,"menu_order":0,"comment_status":"closed","ping_status":"closed","template":"full_width.php","meta":{"footnotes":""},"class_list":["post-2459","page","type-page","status-publish","hentry"],"aioseo_notices":[],"_links":{"self":[{"href":"https:\/\/czora.eu\/de\/wp-json\/wp\/v2\/pages\/2459","targetHints":{"allow":["GET"]}}],"collection":[{"href":"https:\/\/czora.eu\/de\/wp-json\/wp\/v2\/pages"}],"about":[{"href":"https:\/\/czora.eu\/de\/wp-json\/wp\/v2\/types\/page"}],"author":[{"embeddable":true,"href":"https:\/\/czora.eu\/de\/wp-json\/wp\/v2\/users\/2"}],"replies":[{"embeddable":true,"href":"https:\/\/czora.eu\/de\/wp-json\/wp\/v2\/comments?post=2459"}],"version-history":[{"count":1,"href":"https:\/\/czora.eu\/de\/wp-json\/wp\/v2\/pages\/2459\/revisions"}],"predecessor-version":[{"id":2841,"href":"https:\/\/czora.eu\/de\/wp-json\/wp\/v2\/pages\/2459\/revisions\/2841"}],"wp:attachment":[{"href":"https:\/\/czora.eu\/de\/wp-json\/wp\/v2\/media?parent=2459"}],"curies":[{"name":"wp","href":"https:\/\/api.w.org\/{rel}","templated":true}]}}