{"id":2813,"date":"2023-07-05T13:58:18","date_gmt":"2023-07-05T11:58:18","guid":{"rendered":"https:\/\/czora.eu\/polityka-zsz\/"},"modified":"2024-11-19T09:24:40","modified_gmt":"2024-11-19T08:24:40","slug":"ims-politik","status":"publish","type":"page","link":"https:\/\/czora.eu\/de\/ims-politik\/","title":{"rendered":"IMS-Politik"},"content":{"rendered":"<div class=\"wpb-content-wrapper\"><p>[vc_row row_type=&#8220;row&#8220; use_row_as_full_screen_section=&#8220;no&#8220; type=&#8220;full_width&#8220; text_align=&#8220;left&#8220; background_animation=&#8220;none&#8220; css_animation=&#8220;&#8220; css=&#8220;.vc_custom_1567068108325{padding-top: 55px !important;background-color: #23475e !important;}&#8220;][vc_column css_animation=&#8220;zoomIn&#8220; width=&#8220;1\/2&#8243;][qode_elements_holder number_of_columns=&#8220;one_column&#8220;][qode_elements_holder_item item_padding=&#8220;0 5% 50px 33%&#8220; item_padding_1280_1600=&#8220;0px 5% 50px 20%&#8220; item_padding_1024_1280=&#8220;0px 5% 50px 20%&#8220; item_padding_768_1024=&#8220;0px 5% 50px 20%&#8220; item_padding_600_768=&#8220;0px 35px 50px 35px&#8220; item_padding_480_600=&#8220;0px 35px 50px 35px&#8220; item_padding_480=&#8220;0px 35px 50px 35px&#8220;][vc_column_text el_class=&#8220;top-slid&#8220;]<\/p>\n<h1><strong>IMS-Politik<\/strong><\/h1>\n<p>Der Schl\u00fcssel zur Pr\u00e4zision liegt in hochmodernen Anlagen und hochqualifiziertem Personal.[\/vc_column_text][\/qode_elements_holder_item][\/qode_elements_holder][\/vc_column][vc_column width=&#8220;1\/2&#8243;][vc_single_image image=&#8220;414&#8243; img_size=&#8220;full&#8220; alignment=&#8220;center&#8220; qode_css_animation=&#8220;&#8220;][\/vc_column][\/vc_row][vc_row row_type=&#8220;row&#8220; use_row_as_full_screen_section=&#8220;no&#8220; type=&#8220;grid&#8220; text_align=&#8220;left&#8220; background_animation=&#8220;none&#8220; css_animation=&#8220;&#8220; css=&#8220;.vc_custom_1564474589153{padding-top: 5% !important;padding-bottom: 5% !important;}&#8220;][vc_column width=&#8220;1\/2&#8243; css=&#8220;.vc_custom_1564474608414{padding-top: 20px !important;padding-bottom: 20px !important;}&#8220;][vc_column_text]<\/p>\n<h2>Qualit\u00e4tspolitik<br \/>\nCzora Sp. z o.o. Sp. k<\/h2>\n<p><strong>DAS OBERSTE ZIEL UNSERER QUALIT\u00c4TSPOLITIK IST ES, HOHE QUALIT\u00c4T UNSERER PRODUKTE ZU GEW\u00c4HRLEISTEN UND FESTE GESCH\u00c4FTSBEZIEHUNGEN AUF VERTRAUENSBASIS GEGEN\u00dcBER UNSEREM UNTERNEHMEN AUFZUBAUEN.<\/strong><\/p>\n<p>&nbsp;<\/p>\n<p>Der grundlegende Zweck des Qualit\u00e4tsmanagementsystems von CZORA GmbH &amp; Co. KG mit Sitz in Opole, das folgende Bereiche umfasst:<\/p>\n<ul>\n<li>Schwei\u00dfen (robotergesteuert und manuell, Typ MIG\/MAG, TIG),<\/li>\n<li>mechanische Metallbearbeitung (spanabhebend, plastisch, thermisch),<\/li>\n<li>chemische Behandlung von Metallen (alkalisches Verzinken),<\/li>\n<\/ul>\n<p>ist es, die Anforderungen und Erwartungen unserer Kunden sowie die geltenden gesetzlichen Vorschriften und Normen zu erf\u00fcllen. Diese Qualit\u00e4tspolitik ist der gesamten Belegschaft bekannt, wird von ihr verstanden und akzeptiert, und der Bevollm\u00e4chtigte des Integrierten Managementsystems ist f\u00fcr ihre Umsetzung verantwortlich.[\/vc_column_text][\/vc_column][vc_column css_animation=&#8220;zoomIn&#8220; width=&#8220;1\/2&#8243; css=&#8220;.vc_custom_1567151987414{padding-top: 20px !important;padding-bottom: 20px !important;}&#8220;][vc_row_inner row_type=&#8220;row&#8220; type=&#8220;full_width&#8220; use_row_as_full_screen_section_slide=&#8220;no&#8220; text_align=&#8220;left&#8220; css_animation=&#8220;&#8220;][vc_column_inner width=&#8220;1\/2&#8243;][vc_single_image image=&#8220;192&#8243; img_size=&#8220;full&#8220; alignment=&#8220;center&#8220; qode_css_animation=&#8220;&#8220;][\/vc_column_inner][vc_column_inner width=&#8220;1\/2&#8243;][vc_column_text]<\/p>\n<h2>CZORA<br \/>\nQuality<br \/>\nStandart<br \/>\nSystem<\/h2>\n<p>[\/vc_column_text][vc_single_image image=&#8220;194&#8243; img_size=&#8220;full&#8220; qode_css_animation=&#8220;&#8220; css=&#8220;.vc_custom_1564487740226{margin-top: 10px !important;}&#8220;][\/vc_column_inner][\/vc_row_inner][vc_column_text css=&#8220;.vc_custom_1694706409097{margin-top: 50px !important;}&#8220;]<strong>Wir verpflichten uns dazu:<\/strong><\/p>\n<ul>\n<li>st\u00e4ndiger Verbesserung der Leistungsf\u00e4higkeit von Qualit\u00e4tsmanagementsystem<\/li>\n<li>kontinuerlicher Marktforschung mit Blick auf Bed\u00fcrfnisse und W\u00fcnsche der Kunden und Beteiligten<\/li>\n<li>Beschaffung ausschlie\u00dflich bei den qualifizierten Lieferanten<\/li>\n<li>Festlegen und Erreichen im Detail von Zielen in Hinblick auf Qualit\u00e4t auf allen Managementebenen und f\u00fcr alle Arbeitsstellen<\/li>\n<li>Schaffung der Arbeitsumgebung f\u00fcr Mitarbeiter, die das Engagement f\u00fcr qualit\u00e4tsrelevante Ziele und kontinuierliche Qualifikationssteigerung f\u00f6rdert<\/li>\n<\/ul>\n<p>[\/vc_column_text][\/vc_column][\/vc_row][vc_row row_type=&#8220;row&#8220; use_row_as_full_screen_section=&#8220;no&#8220; type=&#8220;grid&#8220; text_align=&#8220;left&#8220; background_animation=&#8220;none&#8220; css_animation=&#8220;&#8220; css=&#8220;.vc_custom_1688638790711{padding-top: 5% !important;padding-bottom: 5% !important;background-color: #f2f2f2 !important;}&#8220;][vc_column width=&#8220;1\/2&#8243; css=&#8220;.vc_custom_1564474608414{padding-top: 20px !important;padding-bottom: 20px !important;}&#8220;][vc_column_text]<\/p>\n<h2>Die Umweltpolitik von CZORA GmbH &amp; Co. KG<\/h2>\n<p>Mit der Einrichtung des Umweltmanagementsystems wollen wir die Aktivit\u00e4ten in unserem Unternehmen mit besonderer R\u00fccksicht auf die Umwelt durchf\u00fchren.<\/p>\n<p>Der grundlegende Zweck des Umweltmanagementsystems von CZORA GmbH &amp; Co. KG mit Sitz in Opole umfasst:<\/p>\n<p>&nbsp;<\/p>\n<ul>\n<li>Schwei\u00dfen (robotisiert und manuell MIG\/MAG, TIG),<\/li>\n<li>mechanische Metallbearbeitung (spanabhebend, plastisch, thermisch),<\/li>\n<li>chemische Behandlung von Metallen (alkalisches Verzinken),<\/li>\n<li>ist es, die negativen Auswirkungen der Aktivit\u00e4ten des Unternehmens auf die Umwelt zu reduzieren in Bezug auf:<\/li>\n<li>Staub- und Gasemissionen in die Luft,<\/li>\n<li>L\u00e4rmemissionen<\/li>\n<li>Erzeugung von Abf\u00e4llen,<\/li>\n<li>Produktion von Abwasser,<\/li>\n<li>Einf\u00fchrung von neuen Verpackungen.<\/li>\n<\/ul>\n<p>[\/vc_column_text][\/vc_column][vc_column css_animation=&#8220;zoomIn&#8220; width=&#8220;1\/2&#8243; css=&#8220;.vc_custom_1567151987414{padding-top: 20px !important;padding-bottom: 20px !important;}&#8220;][vc_column_text css=&#8220;.vc_custom_1694706452870{margin-top: 50px !important;}&#8220;]<strong>Wir verpflichten uns dazu:<\/strong><\/p>\n<ul>\n<li>unsere Umweltmanagementmethoden beizubehalten und kontinuierlich zu verbessern,<\/li>\n<li>die aktuellen und zuk\u00fcnftigen gesetzlichen Anforderungen zu erf\u00fcllen<\/li>\n<li>bez\u00fcglich unserer Umweltaspekte,<\/li>\n<li>moderne Umweltschutztechnologien bei der Einf\u00fchrung neuer und der Modernisierung bestehender Produktionsprozesse zu ber\u00fccksichtigen<\/li>\n<li>bei der Einf\u00fchrung neuer und der Modernisierung bestehender Produktionsverfahren zu ber\u00fccksichtigen,<\/li>\n<li>eine rationelle Abfallwirtschaft zu betreiben und den Verbrauch von nat\u00fcrlichen Ressourcen zu minimieren<\/li>\n<li>nat\u00fcrliche Ressourcen,<\/li>\n<li>die rationelle Verwendung von Chemikalien und deren st\u00e4ndige \u00dcberwachung in den Produktionsprozessen im Hinblick auf m\u00f6gliche Fehler und deren Auswirkungen auf die Umwelt,<\/li>\n<li>Gew\u00e4hrleistung der Wiederverwertung und des Recyclings von Verpackungen und Durchf\u00fchrung von Aufkl\u00e4rungskampagnen<\/li>\n<li>die systematische Bewertung der Auswirkungen von Umweltaktivit\u00e4ten.<\/li>\n<\/ul>\n<p>Wir f\u00fchren unsere Aktivit\u00e4ten auf der Grundlage eines kontinuierlich verbesserten Umweltmanagementsystems gem\u00e4\u00df den Anforderungen der Norm PN-EN ISO 14001:2015-09P Umweltmanagementsysteme &#8211; Anforderungen und Anwendungsrichtlinien durch, die Teil des integrierten Managementsystems ist.<\/p>\n<p>Diese Umweltpolitik ist allen Mitarbeitern bekannt, wird von ihnen verstanden und akzeptiert, und der Verantwortliche f\u00fcr das Integrierte Managementsystem ist f\u00fcr ihre Umsetzung verantwortlich.[\/vc_column_text][\/vc_column][\/vc_row][vc_row row_type=&#8220;row&#8220; use_row_as_full_screen_section=&#8220;no&#8220; type=&#8220;full_width&#8220; text_align=&#8220;left&#8220; background_animation=&#8220;none&#8220; css_animation=&#8220;&#8220;][vc_column][vc_column_text]<\/p>\n<p>[\/vc_column_text][\/vc_column][\/vc_row][vc_row row_type=&#8220;row&#8220; use_row_as_full_screen_section=&#8220;no&#8220; type=&#8220;grid&#8220; text_align=&#8220;left&#8220; background_animation=&#8220;none&#8220; css_animation=&#8220;&#8220; css=&#8220;.vc_custom_1732004392624{padding-top: 5% !important;padding-bottom: 5% !important;background-color: #f7f7f7 !important;}&#8220;][vc_column width=&#8220;1\/2&#8243; css=&#8220;.vc_custom_1732004460001{padding-top: 50px !important;padding-bottom: 20px !important;}&#8220;][vc_column_text]<strong>CZORA SP Z OO SP K hat eine Bronzemedaille erhalten. Eine Anerkennung, die den besten 35 % der Unternehmen verliehen wird, die von EcoVadis in den 12 Monaten vor dem Datum der Medaillenvergabe bewertet wurden. Es spiegelt die Qualit\u00e4t des Nachhaltigkeitsmanagementsystems des Unternehmens wider und zeigt das Engagement f\u00fcr die F\u00f6rderung der Transparenz entlang der gesamten Wertsch\u00f6pfungskette.<\/strong><\/p>\n<p>&nbsp;<\/p>\n<p>EcoVadis ist weltweit f\u00fcr vertrauensw\u00fcrdige Nachhaltigkeitsbewertungen von Unternehmen anerkannt.<\/p>\n<p>&nbsp;<\/p>\n<p>EcoVadis-Medaillen und -Abzeichen w\u00fcrdigen Unternehmen, die den EcoVadis-Bewertungsprozess abgeschlossen und ein relativ starkes Managementsystem nachgewiesen haben, das Nachhaltigkeitskriterien ber\u00fccksichtigt, wie in der EcoVadis-Methodik dargelegt.[\/vc_column_text][\/vc_column][vc_column css_animation=&#8220;zoomIn&#8220; width=&#8220;1\/2&#8243; css=&#8220;.vc_custom_1567151987414{padding-top: 20px !important;padding-bottom: 20px !important;}&#8220;][vc_single_image image=&#8220;4537&#8243; img_size=&#8220;large&#8220; alignment=&#8220;center&#8220; qode_css_animation=&#8220;&#8220;][\/vc_column][\/vc_row]<\/p>\n<\/div>","protected":false},"excerpt":{"rendered":"<p>[vc_row row_type=&#8220;row&#8220; use_row_as_full_screen_section=&#8220;no&#8220; type=&#8220;full_width&#8220; text_align=&#8220;left&#8220; background_animation=&#8220;none&#8220; css_animation=&#8220;&#8220; css=&#8220;.vc_custom_1567068108325{padding-top: 55px !important;background-color: #23475e !important;}&#8220;][vc_column css_animation=&#8220;zoomIn&#8220; width=&#8220;1\/2&#8243;][qode_elements_holder number_of_columns=&#8220;one_column&#8220;][qode_elements_holder_item item_padding=&#8220;0 5% 50px 33%&#8220; item_padding_1280_1600=&#8220;0px 5% 50px 20%&#8220; item_padding_1024_1280=&#8220;0px 5% 50px 20%&#8220; item_padding_768_1024=&#8220;0px 5% 50px 20%&#8220; item_padding_600_768=&#8220;0px 35px 50px 35px&#8220; item_padding_480_600=&#8220;0px 35px 50px 35px&#8220; item_padding_480=&#8220;0px 35px 50px 35px&#8220;][vc_column_text el_class=&#8220;top-slid&#8220;] IMS-Politik&#8230;<\/p>\n","protected":false},"author":2,"featured_media":0,"parent":0,"menu_order":0,"comment_status":"closed","ping_status":"closed","template":"full_width.php","meta":{"footnotes":""},"class_list":["post-2813","page","type-page","status-publish","hentry"],"aioseo_notices":[],"_links":{"self":[{"href":"https:\/\/czora.eu\/de\/wp-json\/wp\/v2\/pages\/2813","targetHints":{"allow":["GET"]}}],"collection":[{"href":"https:\/\/czora.eu\/de\/wp-json\/wp\/v2\/pages"}],"about":[{"href":"https:\/\/czora.eu\/de\/wp-json\/wp\/v2\/types\/page"}],"author":[{"embeddable":true,"href":"https:\/\/czora.eu\/de\/wp-json\/wp\/v2\/users\/2"}],"replies":[{"embeddable":true,"href":"https:\/\/czora.eu\/de\/wp-json\/wp\/v2\/comments?post=2813"}],"version-history":[{"count":3,"href":"https:\/\/czora.eu\/de\/wp-json\/wp\/v2\/pages\/2813\/revisions"}],"predecessor-version":[{"id":4547,"href":"https:\/\/czora.eu\/de\/wp-json\/wp\/v2\/pages\/2813\/revisions\/4547"}],"wp:attachment":[{"href":"https:\/\/czora.eu\/de\/wp-json\/wp\/v2\/media?parent=2813"}],"curies":[{"name":"wp","href":"https:\/\/api.w.org\/{rel}","templated":true}]}}