{"id":813,"date":"2019-07-29T09:20:26","date_gmt":"2019-07-29T07:20:26","guid":{"rendered":"http:\/\/czora.eu\/de\/strona-glowna\/"},"modified":"2024-11-27T09:44:28","modified_gmt":"2024-11-27T08:44:28","slug":"strona-glowna","status":"publish","type":"page","link":"https:\/\/czora.eu\/de\/","title":{"rendered":"Start"},"content":{"rendered":"<div class=\"wpb-content-wrapper\"><p>[vc_row row_type=&#8220;row&#8220; use_row_as_full_screen_section=&#8220;no&#8220; type=&#8220;full_width&#8220; text_align=&#8220;left&#8220; background_animation=&#8220;none&#8220; css_animation=&#8220;&#8220;][vc_column][rev_slider_vc alias=&#8220;home-de&#8220;][\/vc_column][\/vc_row][vc_row row_type=&#8220;row&#8220; use_row_as_full_screen_section=&#8220;no&#8220; type=&#8220;grid&#8220; text_align=&#8220;left&#8220; background_animation=&#8220;none&#8220; css_animation=&#8220;&#8220; css=&#8220;.vc_custom_1564393249232{padding-top: 35px !important;padding-bottom: 5% !important;}&#8220;][vc_column][vc_column_text]<\/p>\n<h1>Hochqualifiziertes Personal<br \/>\nund hochmoderne Technik<\/h1>\n<p>&nbsp;<\/p>\n<p>Wir bieten hochwertige Metallbearbeitung sowohl f\u00fcr Gro\u00dfindustrie als auch f\u00fcr kleinere Unternehmer an.<\/p>\n<p>&nbsp;<\/p>\n<p>Wir zeichnen uns durch P\u00fcnktlichkeit, Zuverl\u00e4ssigkeit und h\u00f6chste Qualit\u00e4t unserer Produkte aus.<\/p>\n<p>&nbsp;<\/p>\n<p>Wir bieten einen umfassenden Service zur Produktentwicklung an, einschlie\u00dflich Design, Produktion, Verpackung und Versand an den Kunden.[\/vc_column_text][\/vc_column][\/vc_row][vc_row row_type=&#8220;row&#8220; use_row_as_full_screen_section=&#8220;no&#8220; type=&#8220;grid&#8220; text_align=&#8220;left&#8220; background_animation=&#8220;none&#8220; css_animation=&#8220;&#8220; css=&#8220;.vc_custom_1680890838892{margin-bottom: 0px !important;padding-bottom: 0px !important;}&#8220;][vc_column css_animation=&#8220;zoomIn&#8220; width=&#8220;1\/3&#8243; css=&#8220;.vc_custom_1567151772384{padding-top: 20px !important;padding-bottom: 20px !important;}&#8220; el_class=&#8220;cien-box&#8220;][qode_elements_holder number_of_columns=&#8220;one_column&#8220;][qode_elements_holder_item][vc_column_text css=&#8220;.vc_custom_1695284289368{padding-top: 35px !important;padding-right: 35px !important;padding-left: 35px !important;}&#8220;]<\/p>\n<h3 style=\"padding-top: 36px;\">Robotschwei\u00dfen<\/h3>\n<p>[\/vc_column_text][vc_separator type=&#8220;small&#8220; position=&#8220;left&#8220; border_style=&#8220;solid&#8220; thickness=&#8220;4&#8243; width=&#8220;95&#8243; down=&#8220;35&#8243; color=&#8220;#ff0000&#8243;][vc_single_image image=&#8220;354&#8243; img_size=&#8220;full&#8220; alignment=&#8220;center&#8220; qode_css_animation=&#8220;&#8220; css=&#8220;.vc_custom_1567063204434{margin-top: 35px !important;}&#8220;][vc_column_text css=&#8220;.vc_custom_1694699358241{padding-top: 35px !important;padding-right: 35px !important;padding-left: 35px !important;}&#8220; el_class=&#8220;rozmiar&#8220;]<strong>21 Schwei\u03b2roboter<\/strong>\u00a0mit Schwei\u00dfm\u00f6glichkeiten MIG\/MAG und TIG.[\/vc_column_text][vc_column_text css=&#8220;.vc_custom_1695284336469{padding-top: 35px !important;padding-right: 35px !important;padding-bottom: 35px !important;padding-left: 35px !important;}&#8220; el_class=&#8220;see-more&#8220;]<\/p>\n<p style=\"text-align: right;\"><a href=\"https:\/\/czora.eu\/de\/robotschweissen\/\">MEHR SEHEN<\/a><\/p>\n<p>[\/vc_column_text][\/qode_elements_holder_item][\/qode_elements_holder][\/vc_column][vc_column css_animation=&#8220;zoomIn&#8220; width=&#8220;1\/3&#8243; css=&#8220;.vc_custom_1567151780772{padding-top: 20px !important;padding-bottom: 20px !important;}&#8220; el_class=&#8220;cien-box&#8220;][qode_elements_holder number_of_columns=&#8220;one_column&#8220;][qode_elements_holder_item][vc_column_text css=&#8220;.vc_custom_1694699385415{padding-top: 35px !important;padding-right: 35px !important;padding-left: 35px !important;}&#8220;]<\/p>\n<h3>Galvanisches<br \/>\nVerzinken<\/h3>\n<p>[\/vc_column_text][vc_separator type=&#8220;small&#8220; position=&#8220;left&#8220; border_style=&#8220;solid&#8220; thickness=&#8220;4&#8243; width=&#8220;95&#8243; down=&#8220;35&#8243; color=&#8220;#ff0000&#8243;][vc_single_image image=&#8220;1743&#8243; img_size=&#8220;full&#8220; alignment=&#8220;center&#8220; qode_css_animation=&#8220;&#8220; css=&#8220;.vc_custom_1666003292630{margin-top: 35px !important;}&#8220;][vc_column_text css=&#8220;.vc_custom_1694699394855{padding-top: 35px !important;padding-right: 35px !important;padding-left: 35px !important;}&#8220; el_class=&#8220;rozmiar&#8220;]<strong>Galvanisches Verzinken <\/strong>bietet einen wirksamen Schutz von Metallen gegen Korrosion.[\/vc_column_text][vc_column_text css=&#8220;.vc_custom_1695284344874{padding-top: 35px !important;padding-right: 35px !important;padding-bottom: 35px !important;padding-left: 35px !important;}&#8220; el_class=&#8220;see-more&#8220;]<\/p>\n<p style=\"text-align: right;\"><a href=\"https:\/\/czora.eu\/de\/galvanischeverzinkung\/\">MEHR SEHEN<\/a><\/p>\n<p>[\/vc_column_text][\/qode_elements_holder_item][\/qode_elements_holder][\/vc_column][vc_column css_animation=&#8220;zoomIn&#8220; width=&#8220;1\/3&#8243; css=&#8220;.vc_custom_1567151787610{padding-top: 20px !important;padding-bottom: 20px !important;}&#8220; el_class=&#8220;cien-box&#8220;][qode_elements_holder number_of_columns=&#8220;one_column&#8220;][qode_elements_holder_item][vc_column_text css=&#8220;.vc_custom_1695284296524{padding-top: 35px !important;padding-right: 35px !important;padding-left: 35px !important;}&#8220;]<\/p>\n<h3 style=\"padding-top: 36px;\">Laserschneiden<\/h3>\n<p>[\/vc_column_text][vc_separator type=&#8220;small&#8220; position=&#8220;left&#8220; border_style=&#8220;solid&#8220; thickness=&#8220;4&#8243; width=&#8220;95&#8243; down=&#8220;35&#8243; color=&#8220;#ff0000&#8243;][vc_single_image image=&#8220;358&#8243; img_size=&#8220;full&#8220; alignment=&#8220;center&#8220; qode_css_animation=&#8220;&#8220; css=&#8220;.vc_custom_1567063736076{margin-top: 35px !important;}&#8220;][vc_column_text css=&#8220;.vc_custom_1694701548736{padding-top: 35px !important;padding-right: 35px !important;padding-left: 35px !important;}&#8220; el_class=&#8220;rozmiar&#8220;]Der neueste Laser zum Schneiden von Blechen mit der Trumpf Trulaser 3030-Technologie.[\/vc_column_text][vc_column_text css=&#8220;.vc_custom_1695284352316{padding-top: 35px !important;padding-right: 35px !important;padding-bottom: 35px !important;padding-left: 35px !important;}&#8220; el_class=&#8220;see-more&#8220;]<\/p>\n<p style=\"text-align: right;\"><a href=\"https:\/\/czora.eu\/de\/laserschneiden\/\">MEHR SEHEN<\/a><\/p>\n<p>[\/vc_column_text][\/qode_elements_holder_item][\/qode_elements_holder][\/vc_column][\/vc_row][vc_row row_type=&#8220;row&#8220; use_row_as_full_screen_section=&#8220;no&#8220; type=&#8220;grid&#8220; text_align=&#8220;left&#8220; background_animation=&#8220;none&#8220; css_animation=&#8220;&#8220; css=&#8220;.vc_custom_1564396691653{padding-bottom: 5% !important;}&#8220;][vc_column css_animation=&#8220;zoomIn&#8220; width=&#8220;1\/3&#8243; css=&#8220;.vc_custom_1567151772384{padding-top: 20px !important;padding-bottom: 20px !important;}&#8220; el_class=&#8220;cien-box&#8220;][qode_elements_holder number_of_columns=&#8220;one_column&#8220;][qode_elements_holder_item][vc_column_text css=&#8220;.vc_custom_1694700252179{padding-top: 35px !important;padding-right: 35px !important;padding-left: 35px !important;}&#8220;]<\/p>\n<h3>Blechbiegen<\/h3>\n<p>[\/vc_column_text][vc_separator type=&#8220;small&#8220; position=&#8220;left&#8220; border_style=&#8220;solid&#8220; thickness=&#8220;4&#8243; width=&#8220;95&#8243; down=&#8220;35&#8243; color=&#8220;#ff0000&#8243;][vc_single_image image=&#8220;1956&#8243; img_size=&#8220;full&#8220; alignment=&#8220;center&#8220; qode_css_animation=&#8220;&#8220; css=&#8220;.vc_custom_1680891516537{margin-top: 35px !important;}&#8220;][vc_column_text css=&#8220;.vc_custom_1680891448228{padding-top: 35px !important;padding-right: 35px !important;padding-left: 35px !important;}&#8220; el_class=&#8220;rozmiar&#8220;]Jeden z najpopularniejszych wybor\u00f3w w sytuacji, gdy ma si\u0119 do czynienia z plastyczn\u0105 obr\u00f3bk\u0105 metalu.[\/vc_column_text][vc_column_text css=&#8220;.vc_custom_1695284366251{padding-top: 35px !important;padding-right: 35px !important;padding-bottom: 35px !important;padding-left: 35px !important;}&#8220; el_class=&#8220;see-more&#8220;]<\/p>\n<p style=\"text-align: right;\"><a href=\"https:\/\/czora.eu\/giecie-blach-cnc\/\">MEHR SEHEN<\/a><\/p>\n<p>[\/vc_column_text][\/qode_elements_holder_item][\/qode_elements_holder][\/vc_column][vc_column css_animation=&#8220;zoomIn&#8220; width=&#8220;1\/3&#8243; css=&#8220;.vc_custom_1567151780772{padding-top: 20px !important;padding-bottom: 20px !important;}&#8220; el_class=&#8220;cien-box&#8220;][qode_elements_holder number_of_columns=&#8220;one_column&#8220;][qode_elements_holder_item][vc_column_text css=&#8220;.vc_custom_1694699508275{padding-top: 35px !important;padding-right: 35px !important;padding-left: 35px !important;}&#8220;]<\/p>\n<h3>Laserschwei\u00dfen<\/h3>\n<p>[\/vc_column_text][vc_separator type=&#8220;small&#8220; position=&#8220;left&#8220; border_style=&#8220;solid&#8220; thickness=&#8220;4&#8243; width=&#8220;95&#8243; down=&#8220;35&#8243; color=&#8220;#ff0000&#8243;][vc_single_image image=&#8220;2260&#8243; img_size=&#8220;full&#8220; alignment=&#8220;center&#8220; qode_css_animation=&#8220;&#8220; css=&#8220;.vc_custom_1688474032455{margin-top: 35px !important;}&#8220;][vc_column_text css=&#8220;.vc_custom_1694699522203{padding-top: 35px !important;padding-right: 35px !important;padding-left: 35px !important;}&#8220; el_class=&#8220;rozmiar&#8220;]<strong>Laserschwei\u00dfen<\/strong>\u00a0die modernste Methode zum Verbinden von Metallen und Legierungen[\/vc_column_text][vc_column_text css=&#8220;.vc_custom_1695284374653{padding-top: 35px !important;padding-right: 35px !important;padding-bottom: 35px !important;padding-left: 35px !important;}&#8220; el_class=&#8220;see-more&#8220;]<\/p>\n<p style=\"text-align: right;\"><a href=\"https:\/\/czora.eu\/de\/laserschweissen\/\">MEHR SEHEN<\/a><\/p>\n<p>[\/vc_column_text][\/qode_elements_holder_item][\/qode_elements_holder][\/vc_column][vc_column css_animation=&#8220;zoomIn&#8220; width=&#8220;1\/3&#8243; css=&#8220;.vc_custom_1567151787610{padding-top: 20px !important;padding-bottom: 20px !important;}&#8220; el_class=&#8220;cien-box&#8220;][qode_elements_holder number_of_columns=&#8220;one_column&#8220;][qode_elements_holder_item][vc_column_text css=&#8220;.vc_custom_1694699566418{padding-top: 35px !important;padding-right: 35px !important;padding-left: 35px !important;}&#8220;]<\/p>\n<h3>Interessiert an unseren Dienstleistungen?<\/h3>\n<p>[\/vc_column_text][vc_separator type=&#8220;small&#8220; position=&#8220;left&#8220; border_style=&#8220;solid&#8220; thickness=&#8220;4&#8243; width=&#8220;95&#8243; down=&#8220;35&#8243; color=&#8220;#ff0000&#8243;][vc_column_text css=&#8220;.vc_custom_1694699573032{padding-right: 35px !important;padding-bottom: 35px !important;padding-left: 35px !important;}&#8220;]Pr\u00fcfen Sie, womit wir Ihnen noch helfen k\u00f6nnen! Unsere weiteren Dienstleistungen finden Sie im Reiter\u00a0<strong>Angebot.<\/strong>[\/vc_column_text][\/qode_elements_holder_item][\/qode_elements_holder][\/vc_column][\/vc_row][vc_row row_type=&#8220;row&#8220; use_row_as_full_screen_section=&#8220;no&#8220; type=&#8220;grid&#8220; text_align=&#8220;left&#8220; background_animation=&#8220;none&#8220; css_animation=&#8220;&#8220; css=&#8220;.vc_custom_1564396711937{padding-top: 5% !important;padding-bottom: 5% !important;background-color: #dadada !important;}&#8220;][vc_column width=&#8220;1\/2&#8243; css=&#8220;.vc_custom_1564396718496{padding-top: 20px !important;padding-bottom: 20px !important;}&#8220;][vc_column_text]<\/p>\n<h2>H\u00f6chste Qualit\u00e4t von Produkten und Dienstleistungen, best\u00e4tigt durch die wichtigsten Zertifikate<\/h2>\n<p>&nbsp;<\/p>\n<p><strong>Wir verf\u00fcgen \u00fcber die wichtigsten Qualit\u00e4tszertifikate, die von internationalen Zertifizierungsgesellschaften ausgestellt wurden, u.a. f\u00fcr das Schwei\u00dfen und Schwei\u00dfen von Stahl nach den strengen polnischen und europ\u00e4ischen Normen.<\/strong><\/p>\n<p>&nbsp;<\/p>\n<p>Wir verf\u00fcgen auch \u00fcber ein Zertifikat f\u00fcr das Schwei\u00dfen von Schienenfahrzeugen und Fahrzeugteilen.<\/p>\n<p>&nbsp;<\/p>\n<p>Um die Qualit\u00e4t unserer Produkte, die Zufriedenheit unserer Kunden und den Umweltschutz zu gew\u00e4hrleisten, haben wir die Systeme ISO 9001:2015 und ISO 14001:2015 eingef\u00fchrt und pflegen sie.[\/vc_column_text][vc_column_text el_class=&#8220;przycisk-01&#8243; css=&#8220;.vc_custom_1695284454528{margin-top: 45px !important;}&#8220;]<a href=\"https:\/\/czora.eu\/de\/unsere-zertifikate\/\">UNSERE ZERTIFIKATE<\/a>[\/vc_column_text][\/vc_column][vc_column width=&#8220;1\/2&#8243; css=&#8220;.vc_custom_1564396725045{padding-top: 20px !important;padding-bottom: 20px !important;}&#8220;][vc_tta_pageable no_fill_content_area=&#8220;1&#8243; autoplay=&#8220;4&#8243; active_section=&#8220;1&#8243; pagination_style=&#8220;flat-round&#8220; css_animation=&#8220;fadeIn&#8220;][vc_tta_section title=&#8220;Dzia\u0142 1&#8243; tab_id=&#8220;1564397416301-0fd2f9e3-d701&#8243;][vc_single_image image=&#8220;348&#8243; img_size=&#8220;full&#8220; alignment=&#8220;center&#8220; qode_css_animation=&#8220;&#8220; css=&#8220;.vc_custom_1566998390726{margin-bottom: 55px !important;}&#8220;][vc_single_image image=&#8220;64&#8243; img_size=&#8220;full&#8220; alignment=&#8220;center&#8220; qode_css_animation=&#8220;&#8220; css=&#8220;.vc_custom_1564397458063{margin-bottom: 35px !important;}&#8220;][\/vc_tta_section][vc_tta_section title=&#8220;Dzia\u0142 1&#8243; tab_id=&#8220;1564397531872-a602526d-55cf&#8220;][vc_single_image image=&#8220;1670&#8243; img_size=&#8220;full&#8220; alignment=&#8220;center&#8220; qode_css_animation=&#8220;&#8220; css=&#8220;.vc_custom_1664975068361{margin-bottom: 55px !important;}&#8220;][\/vc_tta_section][\/vc_tta_pageable][\/vc_column][\/vc_row][vc_row row_type=&#8220;row&#8220; use_row_as_full_screen_section=&#8220;no&#8220; type=&#8220;full_width&#8220; text_align=&#8220;left&#8220; background_animation=&#8220;none&#8220; css_animation=&#8220;element_from_right&#8220; css=&#8220;.vc_custom_1567151804772{background-color: #23475e !important;}&#8220;][vc_column width=&#8220;2\/3&#8243; css=&#8220;.vc_custom_1564404373874{padding-right: 0px !important;padding-left: 0px !important;}&#8220;][qode_elements_holder number_of_columns=&#8220;one_column&#8220;][qode_elements_holder_item background_image=&#8220;531&#8243; item_padding=&#8220;23%&#8220;][\/qode_elements_holder_item][\/qode_elements_holder][\/vc_column][vc_column width=&#8220;1\/3&#8243; css=&#8220;.vc_custom_1564404323352{padding-right: 0px !important;padding-left: 0px !important;}&#8220;][qode_elements_holder number_of_columns=&#8220;one_column&#8220;][qode_elements_holder_item item_padding=&#8220;36% 0 15% 0&#8243; item_padding_600_768=&#8220;80px 35px 80px 35px&#8220; item_padding_480_600=&#8220;80px 35px 80px 35px&#8220; item_padding_480=&#8220;80px 35px 80px 35px&#8220;][vc_column_text el_class=&#8220;bialy&#8220;]<\/p>\n<p style=\"text-align: center;\"><span class=\"txt\">7 000 m<sup>\u00b2<\/sup><\/span><br \/>\nProduktions &#8211; und Lagerfl\u00e4chen<\/p>\n<p>[\/vc_column_text][\/qode_elements_holder_item][\/qode_elements_holder][\/vc_column][\/vc_row][vc_row row_type=&#8220;row&#8220; use_row_as_full_screen_section=&#8220;no&#8220; type=&#8220;full_width&#8220; text_align=&#8220;left&#8220; background_animation=&#8220;none&#8220; css_animation=&#8220;&#8220; css=&#8220;.vc_custom_1688539096390{background-color: #ffffff !important;}&#8220;][vc_column css_animation=&#8220;zoomIn&#8220; width=&#8220;2\/3&#8243; css=&#8220;.vc_custom_1688474706204{padding-right: 0px !important;padding-left: 0px !important;}&#8220; el_class=&#8220;przycisk-whitte&#8220;][qode_elements_holder number_of_columns=&#8220;one_column&#8220;][qode_elements_holder_item item_padding=&#8220;11% 16% 11% 33%&#8220; item_padding_1280_1600=&#8220;4% 30% 4% 16%&#8220; item_padding_1024_1280=&#8220;4% 30% 4% 11%&#8220; item_padding_768_1024=&#8220;4% 30% 4% 11%&#8220; item_padding_600_768=&#8220;60px 35px 60px 35px&#8220; item_padding_480_600=&#8220;60px 35px 60px 35px&#8220; item_padding_480=&#8220;60px 35px 60px 35px&#8220;][vc_column_text]<\/p>\n<h2>Moderne Produktionsst\u00e4tte<\/h2>\n<p>&nbsp;<\/p>\n<h4>CZORA VERF\u00dcGT \u00dcBER MODERNE INDUSTRIESTRASSEN F\u00dcR DIE STAHLVERARBEITUNG, ROBOTISIERTE SCHWEISSSTATIONEN, NUMERISCHE CNC-STEUERUNGSANLAGEN, PRESSEN UND VIELES MEHR.<\/h4>\n<p>&nbsp;<\/p>\n<p>Seit 2007 z\u00e4hlt professionelle Metallbearbeitung ebenfalls zu unserer Repertoire. Dank kontinuierlicher Investitionen in moderne Metallverarbeitungsanlagen, der Einf\u00fchrung neuer Technologien und einer sukzessive erweiterten Produktionsst\u00e4tte sind wir in der Lage, nahezu jede Herausforderung im Bereich der Metallverarbeitung zu meistern.[\/vc_column_text][vc_column_text el_class=&#8220;przycisk-01&#8243; css=&#8220;.vc_custom_1695284411855{margin-top: 45px !important;}&#8220;]<a href=\"https:\/\/czora.eu\/de\/maschinenpark\/\">MASCHINENPARK<\/a>[\/vc_column_text][\/qode_elements_holder_item][\/qode_elements_holder][\/vc_column][vc_column width=&#8220;1\/3&#8243; css=&#8220;.vc_custom_1564404323352{padding-right: 0px !important;padding-left: 0px !important;}&#8220;][vc_single_image image=&#8220;2287&#8243; img_size=&#8220;full&#8220; alignment=&#8220;right&#8220; qode_css_animation=&#8220;&#8220;][\/vc_column][\/vc_row][vc_row row_type=&#8220;row&#8220; use_row_as_full_screen_section=&#8220;no&#8220; type=&#8220;full_width&#8220; text_align=&#8220;left&#8220; background_animation=&#8220;none&#8220; css_animation=&#8220;&#8220; css=&#8220;.vc_custom_1732697067021{padding-top: 590px !important;background-image: url(https:\/\/czora.eu\/wp-content\/uploads\/2024\/11\/czora-siedziba1.webp?id=4527) !important;}&#8220;][vc_column][\/vc_column][\/vc_row][vc_row row_type=&#8220;row&#8220; use_row_as_full_screen_section=&#8220;no&#8220; type=&#8220;full_width&#8220; text_align=&#8220;left&#8220; background_animation=&#8220;none&#8220; css_animation=&#8220;&#8220; css=&#8220;.vc_custom_1688474726020{background-color: #23475e !important;}&#8220;][vc_column css_animation=&#8220;zoomIn&#8220; width=&#8220;2\/3&#8243; css=&#8220;.vc_custom_1688474706204{padding-right: 0px !important;padding-left: 0px !important;}&#8220; el_class=&#8220;przycisk-whitte&#8220;][qode_elements_holder number_of_columns=&#8220;one_column&#8220;][qode_elements_holder_item item_padding=&#8220;11% 30% 11% 33%&#8220; item_padding_1280_1600=&#8220;4% 30% 4% 16%&#8220; item_padding_1024_1280=&#8220;4% 30% 4% 11%&#8220; item_padding_768_1024=&#8220;4% 30% 4% 11%&#8220; item_padding_600_768=&#8220;60px 35px 60px 35px&#8220; item_padding_480_600=&#8220;60px 35px 60px 35px&#8220; item_padding_480=&#8220;60px 35px 60px 35px&#8220;][vc_column_text el_class=&#8220;bialy&#8220;]<\/p>\n<h5 style=\"margin: 0cm; color: #fff;\">WIR FREUEN UNS AUF IHRE ANFRAGE<\/h5>\n<p style=\"margin: 0cm;\">Haben Sie Fragen zu unseren Leistungen, Preisen, Zusammenarbeit oder Abwicklungen? Klicken Sie auf \u201eKontakt\u201d, um die entsprechende Abteilung zu finden.<\/p>\n<p>[\/vc_column_text][vc_column_text el_class=&#8220;przycisk-02&#8243; css=&#8220;.vc_custom_1695284435013{margin-top: 45px !important;}&#8220;]<a href=\"https:\/\/czora.eu\/de\/kontakt\/\">KONTAKT<\/a>[\/vc_column_text][\/qode_elements_holder_item][\/qode_elements_holder][\/vc_column][vc_column width=&#8220;1\/3&#8243; css=&#8220;.vc_custom_1564404323352{padding-right: 0px !important;padding-left: 0px !important;}&#8220;][vc_single_image image=&#8220;848&#8243; img_size=&#8220;full&#8220; alignment=&#8220;right&#8220; qode_css_animation=&#8220;&#8220;][\/vc_column][\/vc_row][vc_row row_type=&#8220;row&#8220; use_row_as_full_screen_section=&#8220;no&#8220; type=&#8220;grid&#8220; text_align=&#8220;left&#8220; background_animation=&#8220;none&#8220; css_animation=&#8220;&#8220; css=&#8220;.vc_custom_1688543911341{margin-top: 120px !important;margin-bottom: 80px !important;}&#8220;][vc_column][vc_column_text]<\/p>\n<h2>\u00d6kologie<\/h2>\n<h4>F\u00fcr uns, Ihren Gesch\u00e4ftspartner, ist verantwortungsvolles und nachhaltiges Handeln ein sehr wichtiger Aspekt im Produktionsprozess.<\/h4>\n<p>[\/vc_column_text][vc_column_text el_class=&#8220;czora-col-t&#8220; css=&#8220;.vc_custom_1694702965077{margin-top: 45px !important;}&#8220;]<strong>Das Thema Umweltschutz ist nicht weniger wichtig als unsere Produktionsprozesse und geh\u00f6rt zu den Kernaufgaben unserer Politik.<\/strong><\/p>\n<p>&nbsp;<\/p>\n<p>F\u00fcr unsere Produktionsprozesse w\u00e4hlen wir Technologien so aus, dass ihre Auswirkungen auf die Umwelt so umweltfreundlich wie m\u00f6glich sind. Unsere Mitarbeiter sind sich der Verantwortung f\u00fcr den Umgang mit Abf\u00e4llen und der Folgen einer Nichtbeachtung der festgelegten Verfahren bewusst. Wir halten uns auch an die Umweltpolitik des Unternehmens gem\u00e4\u00df ISO 14 001.<\/p>\n<p>Konkrete Belege f\u00fcr das oben genannte Thema sind die Installation einer Photovoltaikanlage auf den Werksgeb\u00e4uden mit einer Gesamtleistung von 200 kW und der Kauf und die Installation einer neuen automatischen Produktionslinie f\u00fcr das Galvanisieren von Stahlteilen, die derzeit die umweltfreundlichste Technologie f\u00fcr den Galvanisierungsprozess darstellt. Dank der hohen Effizienz des Galvanisierens ist unsere neue Linie freundlich zu den Mitarbeitern, der Umwelt und der Umgebung.[\/vc_column_text][\/vc_column][\/vc_row][vc_row row_type=&#8220;row&#8220; use_row_as_full_screen_section=&#8220;no&#8220; type=&#8220;full_width&#8220; text_align=&#8220;left&#8220; background_animation=&#8220;none&#8220; css_animation=&#8220;&#8220; css=&#8220;.vc_custom_1688544956775{padding-top: 500px !important;background-image: url(https:\/\/czora.eu\/wp-content\/uploads\/2023\/07\/czora-pv.webp?id=2297) !important;}&#8220;][vc_column][\/vc_column][\/vc_row]<\/p>\n<\/div>","protected":false},"excerpt":{"rendered":"<p>[vc_row row_type=&#8220;row&#8220; use_row_as_full_screen_section=&#8220;no&#8220; type=&#8220;full_width&#8220; text_align=&#8220;left&#8220; background_animation=&#8220;none&#8220; css_animation=&#8220;&#8220;][vc_column][rev_slider_vc alias=&#8220;home-de&#8220;][\/vc_column][\/vc_row][vc_row row_type=&#8220;row&#8220; use_row_as_full_screen_section=&#8220;no&#8220; type=&#8220;grid&#8220; text_align=&#8220;left&#8220; background_animation=&#8220;none&#8220; css_animation=&#8220;&#8220; css=&#8220;.vc_custom_1564393249232{padding-top: 35px !important;padding-bottom: 5% !important;}&#8220;][vc_column][vc_column_text] Hochqualifiziertes Personal und hochmoderne Technik &nbsp; Wir bieten hochwertige Metallbearbeitung sowohl f\u00fcr Gro\u00dfindustrie als auch f\u00fcr kleinere Unternehmer an. &nbsp; Wir zeichnen uns durch P\u00fcnktlichkeit, Zuverl\u00e4ssigkeit&#8230;<\/p>\n","protected":false},"author":2,"featured_media":0,"parent":0,"menu_order":0,"comment_status":"closed","ping_status":"closed","template":"full_width.php","meta":{"footnotes":""},"class_list":["post-813","page","type-page","status-publish","hentry"],"aioseo_notices":[],"_links":{"self":[{"href":"https:\/\/czora.eu\/de\/wp-json\/wp\/v2\/pages\/813","targetHints":{"allow":["GET"]}}],"collection":[{"href":"https:\/\/czora.eu\/de\/wp-json\/wp\/v2\/pages"}],"about":[{"href":"https:\/\/czora.eu\/de\/wp-json\/wp\/v2\/types\/page"}],"author":[{"embeddable":true,"href":"https:\/\/czora.eu\/de\/wp-json\/wp\/v2\/users\/2"}],"replies":[{"embeddable":true,"href":"https:\/\/czora.eu\/de\/wp-json\/wp\/v2\/comments?post=813"}],"version-history":[{"count":12,"href":"https:\/\/czora.eu\/de\/wp-json\/wp\/v2\/pages\/813\/revisions"}],"predecessor-version":[{"id":4551,"href":"https:\/\/czora.eu\/de\/wp-json\/wp\/v2\/pages\/813\/revisions\/4551"}],"wp:attachment":[{"href":"https:\/\/czora.eu\/de\/wp-json\/wp\/v2\/media?parent=813"}],"curies":[{"name":"wp","href":"https:\/\/api.w.org\/{rel}","templated":true}]}}