{"id":819,"date":"2019-07-29T10:06:17","date_gmt":"2019-07-29T08:06:17","guid":{"rendered":"http:\/\/czora.eu\/de\/o-firmie\/"},"modified":"2024-10-15T11:36:45","modified_gmt":"2024-10-15T09:36:45","slug":"unser-unternehmen","status":"publish","type":"page","link":"https:\/\/czora.eu\/de\/unser-unternehmen\/","title":{"rendered":"Unser Unternehmen"},"content":{"rendered":"<div class=\"wpb-content-wrapper\"><p>[vc_row row_type=&#8220;row&#8220; use_row_as_full_screen_section=&#8220;no&#8220; type=&#8220;full_width&#8220; text_align=&#8220;left&#8220; background_animation=&#8220;none&#8220; css_animation=&#8220;&#8220; css=&#8220;.vc_custom_1567068049715{padding-top: 55px !important;background-color: #23475e !important;}&#8220;][vc_column css_animation=&#8220;zoomIn&#8220; width=&#8220;1\/2&#8243;][qode_elements_holder number_of_columns=&#8220;one_column&#8220;][qode_elements_holder_item item_padding=&#8220;0 5% 50px 33%&#8220; item_padding_1280_1600=&#8220;0px 5% 50px 20%&#8220; item_padding_1024_1280=&#8220;0px 5% 50px 20%&#8220; item_padding_768_1024=&#8220;0px 5% 50px 20%&#8220; item_padding_600_768=&#8220;0px 35px 50px 35px&#8220; item_padding_480_600=&#8220;0px 35px 50px 35px&#8220; item_padding_480=&#8220;0px 35px 50px 35px&#8220;][vc_column_text el_class=&#8220;top-slid&#8220;]<\/p>\n<h1>Wir setzen<br \/>\nStandards!<\/h1>\n<p>&nbsp;<\/p>\n<p>Der Schl\u00fcssel zur Pr\u00e4zision liegt in den hochmodernen<br \/>\nAnlagen und hochqualifiziertem Personal.[\/vc_column_text][\/qode_elements_holder_item][\/qode_elements_holder][\/vc_column][vc_column width=&#8220;1\/2&#8243;][vc_single_image image=&#8220;540&#8243; img_size=&#8220;full&#8220; alignment=&#8220;center&#8220; qode_css_animation=&#8220;&#8220;][\/vc_column][\/vc_row][vc_row row_type=&#8220;row&#8220; use_row_as_full_screen_section=&#8220;no&#8220; type=&#8220;grid&#8220; text_align=&#8220;left&#8220; background_animation=&#8220;none&#8220; css_animation=&#8220;&#8220; css=&#8220;.vc_custom_1564474589153{padding-top: 5% !important;padding-bottom: 5% !important;}&#8220;][vc_column width=&#8220;1\/2&#8243; css=&#8220;.vc_custom_1688545409210{padding-top: 400px !important;background-image: url(https:\/\/czora.eu\/wp-content\/uploads\/2019\/09\/foto-czora-o-firmie-2-2.jpg?id=543) !important;background-position: center !important;background-repeat: no-repeat !important;background-size: cover !important;}&#8220;][\/vc_column][vc_column css_animation=&#8220;zoomIn&#8220; width=&#8220;1\/2&#8243; css=&#8220;.vc_custom_1688545402506{padding-top: 20px !important;padding-bottom: 20px !important;padding-left: 5% !important;}&#8220;][vc_column_text]<\/p>\n<h2>Hochqualifiziertes Personal und hochmoderne Technik<\/h2>\n<p>&nbsp;<\/p>\n<h4>In czora ist uns klar, dass ideale fertigungsprodukte hochpr\u00e4zise maschinen und qualifizierte bediener ben\u00f6tigen.<\/h4>\n<p>&nbsp;<\/p>\n<p>In Anbetracht der Qualit\u00e4t, der Lieferzeiten und des Geldbeutels unserer Kunden haben wir uns f\u00fcr den Bau einer modernen Galvanisierungsanlage entschieden. Zurzeit k\u00f6nnen wir etwa <strong>300 Tonnen Produkte pro Monat <\/strong>galvanisieren![\/vc_column_text][\/vc_column][\/vc_row][vc_row row_type=&#8220;row&#8220; use_row_as_full_screen_section=&#8220;no&#8220; type=&#8220;grid&#8220; text_align=&#8220;left&#8220; background_animation=&#8220;none&#8220; css_animation=&#8220;&#8220; css=&#8220;.vc_custom_1564475198233{padding-bottom: 5% !important;}&#8220;][vc_column css_animation=&#8220;zoomIn&#8220; width=&#8220;1\/2&#8243; css=&#8220;.vc_custom_1567151916669{padding-top: 20px !important;padding-bottom: 20px !important;}&#8220;][vc_column_text]<\/p>\n<h2>Unsere Erfolgsgeschichte<\/h2>\n<p>&nbsp;<\/p>\n<p><strong>1983 \u2013 Beginn der T\u00e4tigkeit der Firma Czora GmbH <\/strong><\/p>\n<p>2007 \u2013 dynamisches Wachstum der Produktion und erste Produktionshalle in Chr\u00f3\u015bcice, erste \u00a0\u00a0\u00a0\u00a0Dienstleistungen im Bereich Roboterschwei\u00dfen.<\/p>\n<p>2009 \u2013 weitere Entwicklung der T\u00e4tigkeit und Anmietung einer zweiten Produktionshalle in Sio\u0142kowice Stare.<\/p>\n<p>2016 \u2013 Aufgrund der steigenden Nachfrage von bestehenden und neuen Kunden investierte das Unternehmen in den Bau einer neuen Produktionshalle in Opole mit einer Produktionsfl\u00e4che von 1500 m<sup>2<\/sup>. \u2013 Konzentration der Produktion an einem Ort.<\/p>\n<p>2019 \u2013 Aufgrund des kontinuierlichen Produktionswachstums beschloss die Gesch\u00e4ftsf\u00fchrung, die Fl\u00e4che der Produktions- und Lagerhalle um weitere 1700 m<sup>2<\/sup> zu erweitern, auf denen sich ein neuer Maschinenpark befindet. Das Dienstleistungsangebot wurde um Laserschneiden und CNC-Biegen erweitert.<\/p>\n<p>2022 \u2013 Erweiterung der T\u00e4tigkeit um das galvanische Verzinken \u2013 Erweiterung des Werks um eine neue Galvanisierhalle mit einer Fl\u00e4che von 1800 m<sup>2<\/sup>.<\/p>\n<p>2023 \u2013 weitere Erweiterung des Werks \u2013 Bau einer Montagehalle mit einer Fl\u00e4che von ca. 2000 m<sup>2<\/sup>.[\/vc_column_text][\/vc_column][vc_column width=&#8220;1\/2&#8243; css=&#8220;.vc_custom_1689070148342{margin-left: 10% !important;padding-top: 670px !important;background-image: url(https:\/\/czora.eu\/wp-content\/uploads\/2019\/08\/foto-czora-o-firmie-2.jpg?id=366) !important;background-position: center !important;background-repeat: no-repeat !important;background-size: cover !important;}&#8220;][\/vc_column][\/vc_row][vc_row row_type=&#8220;row&#8220; use_row_as_full_screen_section=&#8220;no&#8220; type=&#8220;full_width&#8220; text_align=&#8220;left&#8220; background_animation=&#8220;none&#8220; css_animation=&#8220;&#8220; css=&#8220;.vc_custom_1567068058141{background-color: #23475e !important;}&#8220;][vc_column width=&#8220;2\/3&#8243; css=&#8220;.vc_custom_1564404373874{padding-right: 0px !important;padding-left: 0px !important;}&#8220;][qode_elements_holder number_of_columns=&#8220;one_column&#8220;][qode_elements_holder_item background_image=&#8220;805&#8243; item_padding=&#8220;23%&#8220;][\/qode_elements_holder_item][\/qode_elements_holder][\/vc_column][vc_column css_animation=&#8220;zoomIn&#8220; width=&#8220;1\/3&#8243; css=&#8220;.vc_custom_1567151926470{padding-right: 0px !important;padding-left: 0px !important;}&#8220;][qode_elements_holder number_of_columns=&#8220;one_column&#8220;][qode_elements_holder_item item_padding=&#8220;36% 0 15% 0&#8243; item_padding_600_768=&#8220;80px 35px 80px 35px&#8220; item_padding_480_600=&#8220;80px 35px 80px 35px&#8220; item_padding_480=&#8220;80px 35px 80px 35px&#8220;][vc_column_text el_class=&#8220;bialy&#8220;]<\/p>\n<p style=\"text-align: center;\"><span class=\"txt\">Absatzm\u00e4rkte<br \/>\n<\/span><br \/>\nWir produzieren f\u00fcr M\u00e4rkte unter anderem in Polen, Deutschland, D\u00e4nemark<\/p>\n<p style=\"text-align: center;\">Schweden, \u00d6sterreich, Tschechien, Norwegen, den Vereinigten Arabischen Emiraten,<\/p>\n<p style=\"text-align: center;\">S\u00fcdkorea, Gro\u00dfbritannien und viele andere.<\/p>\n<p>[\/vc_column_text][\/qode_elements_holder_item][\/qode_elements_holder][\/vc_column][\/vc_row][vc_row row_type=&#8220;row&#8220; use_row_as_full_screen_section=&#8220;no&#8220; type=&#8220;grid&#8220; text_align=&#8220;left&#8220; background_animation=&#8220;none&#8220; css_animation=&#8220;&#8220; css=&#8220;.vc_custom_1675752261981{padding-top: 5% !important;padding-bottom: 5% !important;background-color: #dadada !important;}&#8220; el_id=&#8220;certyfikaty&#8220;][vc_column width=&#8220;1\/2&#8243; css=&#8220;.vc_custom_1564475871029{padding-top: 20px !important;padding-bottom: 20px !important;}&#8220;][vc_column_text]<\/p>\n<h1>Auszeichnungen<\/h1>\n<p>[\/vc_column_text][vc_single_image image=&#8220;1815&#8243; img_size=&#8220;medium&#8220; onclick=&#8220;link_image&#8220; qode_css_animation=&#8220;&#8220; css=&#8220;.vc_custom_1688637983418{padding-top: 20px !important;}&#8220;][\/vc_column][vc_column width=&#8220;1\/2&#8243; css=&#8220;.vc_custom_1564475877299{padding-top: 20px !important;padding-bottom: 20px !important;}&#8220;][qode_elements_holder number_of_columns=&#8220;one_column&#8220;][qode_elements_holder_item item_padding=&#8220;17% 0 0 0&#8243; item_padding_600_768=&#8220;0 0 0 0&#8243; item_padding_480_600=&#8220;0 0 0 0&#8243; item_padding_480=&#8220;0 0 0 0&#8243;][vc_column_text]<\/p>\n<h4><strong>Unsere Leidenschaft und unser Engagement wurden auf nationaler Ebene erkannt und wir wurden mit zahlreichen Preisen ausgezeichnet, darunter:<\/strong><\/h4>\n<p>&nbsp;<\/p>\n<p><strong>Unternehmen des Jahres 2009<br \/>\n<\/strong><strong>Marke der Stadt Oppeln 2016<br \/>\n<\/strong><strong>Unternehmen des Jahres 2019<br \/>\n<\/strong><strong>Expertenpreis &#8211; Beste Marke 2019\/2020<br \/>\n<\/strong><strong>Unternehmen des Jahres 2022<br \/>\n<\/strong><strong>Business Gazelle 2022<\/strong><\/p>\n<p><b>\u00a0<\/b>[\/vc_column_text][\/qode_elements_holder_item][\/qode_elements_holder][\/vc_column][vc_column css_animation=&#8220;fadeInUp&#8220;][vc_row_inner row_type=&#8220;row&#8220; type=&#8220;full_width&#8220; use_row_as_full_screen_section_slide=&#8220;no&#8220; text_align=&#8220;left&#8220; css_animation=&#8220;&#8220; css=&#8220;.vc_custom_1564475895556{margin-top: 50px !important;}&#8220;][vc_column_inner width=&#8220;1\/6&#8243; css=&#8220;.vc_custom_1665044986656{padding-top: 20px !important;padding-bottom: 20px !important;}&#8220;][\/vc_column_inner][vc_column_inner width=&#8220;1\/6&#8243; css=&#8220;.vc_custom_1657088501016{padding-top: 20px !important;padding-bottom: 20px !important;}&#8220;][\/vc_column_inner][vc_column_inner width=&#8220;1\/6&#8243; css=&#8220;.vc_custom_1564486541128{padding-top: 20px !important;padding-bottom: 20px !important;}&#8220;][\/vc_column_inner][vc_column_inner width=&#8220;1\/6&#8243; css=&#8220;.vc_custom_1564486733606{padding-top: 20px !important;padding-bottom: 20px !important;}&#8220;][\/vc_column_inner][vc_column_inner width=&#8220;1\/6&#8243; css=&#8220;.vc_custom_1564486740572{padding-top: 20px !important;padding-bottom: 20px !important;}&#8220;][\/vc_column_inner][vc_column_inner width=&#8220;1\/6&#8243; css=&#8220;.vc_custom_1566992548963{padding-top: 20px !important;padding-bottom: 20px !important;}&#8220;][\/vc_column_inner][\/vc_row_inner][\/vc_column][\/vc_row][vc_row row_type=&#8220;row&#8220; use_row_as_full_screen_section=&#8220;no&#8220; type=&#8220;full_width&#8220; text_align=&#8220;left&#8220; background_animation=&#8220;none&#8220; css_animation=&#8220;&#8220; css=&#8220;.vc_custom_1688474726020{background-color: #23475e !important;}&#8220;][vc_column width=&#8220;1\/3&#8243; css=&#8220;.vc_custom_1690443677617{padding-top: 620px !important;padding-right: 0px !important;padding-left: 0px !important;background-image: url(https:\/\/czora.eu\/wp-content\/uploads\/2023\/07\/trafo-bok.webp?id=2600) !important;background-position: center !important;background-repeat: no-repeat !important;background-size: cover !important;}&#8220;][\/vc_column][vc_column css_animation=&#8220;zoomIn&#8220; width=&#8220;1\/3&#8243; css=&#8220;.vc_custom_1688474706204{padding-right: 0px !important;padding-left: 0px !important;}&#8220; el_class=&#8220;przycisk-whitte&#8220;][qode_elements_holder number_of_columns=&#8220;one_column&#8220;][qode_elements_holder_item item_padding=&#8220;15%&#8220; item_padding_1280_1600=&#8220;15%&#8220; item_padding_1024_1280=&#8220;15%&#8220; item_padding_768_1024=&#8220;15%&#8220; item_padding_600_768=&#8220;15%&#8220; item_padding_480_600=&#8220;15%&#8220; item_padding_480=&#8220;15%&#8220;][vc_column_text]<\/p>\n<h2 style=\"color: #fff;\">Technische Geb\u00e4ude f\u00fcr den Energiesektor<\/h2>\n<p>&nbsp;<\/p>\n<p style=\"color: #fff;\">Technische Geb\u00e4ude f\u00fcr den Energiesektor werden nur auf Kundenbestellung und -dokumentation hergestellt. Sie haben sehr hohe Anforderungen an Sicherheit und Qualit\u00e4t. Unsere Produkte erf\u00fcllen all diese Anforderungen. Wir produzieren technische Geb\u00e4ude nach Standardl\u00f6sungen oder vollst\u00e4ndig an die Bed\u00fcrfnisse des Kunden angepasst.<\/p>\n<p>[\/vc_column_text][\/qode_elements_holder_item][\/qode_elements_holder][\/vc_column][vc_column width=&#8220;1\/3&#8243; css=&#8220;.vc_custom_1690443685081{padding-top: 620px !important;background-image: url(https:\/\/czora.eu\/wp-content\/uploads\/2023\/07\/trafo-przod.webp?id=2603) !important;background-position: center !important;background-repeat: no-repeat !important;background-size: cover !important;}&#8220;][\/vc_column][\/vc_row]<\/p>\n<\/div>","protected":false},"excerpt":{"rendered":"<p>[vc_row row_type=&#8220;row&#8220; use_row_as_full_screen_section=&#8220;no&#8220; type=&#8220;full_width&#8220; text_align=&#8220;left&#8220; background_animation=&#8220;none&#8220; css_animation=&#8220;&#8220; css=&#8220;.vc_custom_1567068049715{padding-top: 55px !important;background-color: #23475e !important;}&#8220;][vc_column css_animation=&#8220;zoomIn&#8220; width=&#8220;1\/2&#8243;][qode_elements_holder number_of_columns=&#8220;one_column&#8220;][qode_elements_holder_item item_padding=&#8220;0 5% 50px 33%&#8220; item_padding_1280_1600=&#8220;0px 5% 50px 20%&#8220; item_padding_1024_1280=&#8220;0px 5% 50px 20%&#8220; item_padding_768_1024=&#8220;0px 5% 50px 20%&#8220; item_padding_600_768=&#8220;0px 35px 50px 35px&#8220; item_padding_480_600=&#8220;0px 35px 50px 35px&#8220; item_padding_480=&#8220;0px 35px 50px 35px&#8220;][vc_column_text el_class=&#8220;top-slid&#8220;] Wir&#8230;<\/p>\n","protected":false},"author":2,"featured_media":0,"parent":0,"menu_order":0,"comment_status":"closed","ping_status":"closed","template":"full_width.php","meta":{"footnotes":""},"class_list":["post-819","page","type-page","status-publish","hentry"],"aioseo_notices":[],"_links":{"self":[{"href":"https:\/\/czora.eu\/de\/wp-json\/wp\/v2\/pages\/819","targetHints":{"allow":["GET"]}}],"collection":[{"href":"https:\/\/czora.eu\/de\/wp-json\/wp\/v2\/pages"}],"about":[{"href":"https:\/\/czora.eu\/de\/wp-json\/wp\/v2\/types\/page"}],"author":[{"embeddable":true,"href":"https:\/\/czora.eu\/de\/wp-json\/wp\/v2\/users\/2"}],"replies":[{"embeddable":true,"href":"https:\/\/czora.eu\/de\/wp-json\/wp\/v2\/comments?post=819"}],"version-history":[{"count":12,"href":"https:\/\/czora.eu\/de\/wp-json\/wp\/v2\/pages\/819\/revisions"}],"predecessor-version":[{"id":4500,"href":"https:\/\/czora.eu\/de\/wp-json\/wp\/v2\/pages\/819\/revisions\/4500"}],"wp:attachment":[{"href":"https:\/\/czora.eu\/de\/wp-json\/wp\/v2\/media?parent=819"}],"curies":[{"name":"wp","href":"https:\/\/api.w.org\/{rel}","templated":true}]}}