{"id":822,"date":"2019-07-29T10:06:55","date_gmt":"2019-07-29T08:06:55","guid":{"rendered":"http:\/\/czora.eu\/de\/ciecie-laserowe\/"},"modified":"2023-09-14T17:16:00","modified_gmt":"2023-09-14T15:16:00","slug":"laserschneiden","status":"publish","type":"page","link":"https:\/\/czora.eu\/de\/laserschneiden\/","title":{"rendered":"Laserschneiden"},"content":{"rendered":"<div class=\"wpb-content-wrapper\"><p>[vc_row row_type=&#8220;row&#8220; use_row_as_full_screen_section=&#8220;no&#8220; type=&#8220;full_width&#8220; text_align=&#8220;left&#8220; background_animation=&#8220;none&#8220; css_animation=&#8220;&#8220; css=&#8220;.vc_custom_1567068308446{padding-top: 55px !important;background-color: #23475e !important;}&#8220;][vc_column width=&#8220;1\/2&#8243;][qode_elements_holder number_of_columns=&#8220;one_column&#8220;][qode_elements_holder_item item_padding=&#8220;0 5% 50px 33%&#8220; item_padding_1280_1600=&#8220;0px 5% 50px 20%&#8220; item_padding_1024_1280=&#8220;0px 5% 50px 20%&#8220; item_padding_768_1024=&#8220;0px 5% 50px 20%&#8220; item_padding_600_768=&#8220;0px 35px 50px 35px&#8220; item_padding_480_600=&#8220;0px 35px 50px 35px&#8220; item_padding_480=&#8220;0px 35px 50px 35px&#8220;][vc_column_text el_class=&#8220;top-slid&#8220;]<\/p>\n<h1>Laserschneiden<\/h1>\n<p>2D-Laserschneiden[\/vc_column_text][\/qode_elements_holder_item][\/qode_elements_holder][\/vc_column][vc_column width=&#8220;1\/2&#8243;][vc_single_image image=&#8220;599&#8243; img_size=&#8220;full&#8220; alignment=&#8220;center&#8220; qode_css_animation=&#8220;&#8220;][\/vc_column][\/vc_row][vc_row row_type=&#8220;row&#8220; use_row_as_full_screen_section=&#8220;no&#8220; type=&#8220;grid&#8220; text_align=&#8220;left&#8220; background_animation=&#8220;none&#8220; css_animation=&#8220;&#8220; css=&#8220;.vc_custom_1564474589153{padding-top: 5% !important;padding-bottom: 5% !important;}&#8220;][vc_column width=&#8220;1\/2&#8243; css=&#8220;.vc_custom_1564474608414{padding-top: 20px !important;padding-bottom: 20px !important;}&#8220;][vc_column_text]<\/p>\n<h2>Modernes Laserverfahren zum Blechschneiden<\/h2>\n<p>&nbsp;<\/p>\n<h4>TECHNOLOGIE NACH MA\u00df<\/h4>\n<p>&nbsp;<\/p>\n<p><strong>Wir verf\u00fcgen \u00fcber Laser zum Blechschneiden<\/strong> in der Technologie Fiber TRUMPF TRULASER 3030 4000 W <strong>Arbeitsfl\u00e4che 1500 mm x 3000 mm.<\/strong><\/p>\n<p>&nbsp;<\/p>\n<p>Diese Ger\u00e4te wurden entwickelt und an die laserbasierte Materialbearbeitung angepasst, wie z.B. von normalem Stahl, Edelstahl, Kupfer, Aluminium und Nicht-Eisen-Metallen.[\/vc_column_text][\/vc_column][vc_column width=&#8220;1\/2&#8243; css=&#8220;.vc_custom_1564474602434{padding-top: 20px !important;padding-bottom: 20px !important;}&#8220;][vc_single_image image=&#8220;601&#8243; img_size=&#8220;full&#8220; alignment=&#8220;right&#8220; qode_css_animation=&#8220;&#8220; css=&#8220;.vc_custom_1567589869318{margin-bottom: 45px !important;}&#8220;][\/vc_column][\/vc_row][vc_row row_type=&#8220;row&#8220; use_row_as_full_screen_section=&#8220;no&#8220; type=&#8220;grid&#8220; text_align=&#8220;left&#8220; background_animation=&#8220;none&#8220; css_animation=&#8220;&#8220; css=&#8220;.vc_custom_1564475198233{padding-bottom: 5% !important;}&#8220;][vc_column width=&#8220;1\/2&#8243; css=&#8220;.vc_custom_1564474602434{padding-top: 20px !important;padding-bottom: 20px !important;}&#8220;][vc_single_image image=&#8220;607&#8243; img_size=&#8220;full&#8220; qode_css_animation=&#8220;&#8220; css=&#8220;.vc_custom_1567590168010{margin-bottom: 45px !important;}&#8220;][\/vc_column][vc_column width=&#8220;1\/2&#8243; css=&#8220;.vc_custom_1564474608414{padding-top: 20px !important;padding-bottom: 20px !important;}&#8220;][vc_column_text]Unser Fiber Laser verwendet den energiesparenden Laserstrahl, der einen nur minimalen Wartungsaufwand erfordert. Statt Spiegelsystem wird Glasfaser zum Strahltransfer eingesetzt. Die Anlage ist benutzerfreundlich und betriebsg\u00fcnstig. Dabei ist sie f\u00fcr die anspruchsvolle Fertigung bestens geeignet.<\/p>\n<p>&nbsp;<\/p>\n<p>Extrem hohe Geschwindigkeiten und Beschleunigung ohne limitierten Anlauf kombiniert mit hochaufl\u00f6senden Messger\u00e4ten gew\u00e4hrleisten eine hervorragende <strong>Leistung und pr\u00e4zises Schneidverfahren.<\/strong>[\/vc_column_text][\/vc_column][\/vc_row][vc_row row_type=&#8220;row&#8220; use_row_as_full_screen_section=&#8220;no&#8220; type=&#8220;grid&#8220; text_align=&#8220;left&#8220; background_animation=&#8220;none&#8220; css_animation=&#8220;&#8220; css=&#8220;.vc_custom_1564475198233{padding-bottom: 5% !important;}&#8220;][vc_column width=&#8220;1\/2&#8243; css=&#8220;.vc_custom_1564474602434{padding-top: 20px !important;padding-bottom: 20px !important;}&#8220;][vc_column_text]<\/p>\n<h4>2D QUALIT\u00c4T REPRODUZIERBAR<\/h4>\n<p><strong>Max. Schneiddicke verschiedener Materialien:<\/strong><\/p>\n<p>\u2013 Stahl 25 mm<br \/>\n\u2013 Edelstahl 20 mm<br \/>\n\u2013 Aluminium 20 mm<br \/>\n\u2013 Kupfer 8 mm<br \/>\n\u2013 Messing 8 mm<\/p>\n<p>&nbsp;<\/p>\n<p>Verwendete Prozessoptimierungen:<\/p>\n<p><strong>BrightLine Fiber<\/strong> \u2013 erm\u00f6glicht das Bohren von sehr kleinen Blechl\u00f6chern mit gro\u00dfer Dicke und sorgt f\u00fcr bessere Qualit\u00e4t beim Schneiden von dicken Materialien.<\/p>\n<p><strong>FlyLine Fiber<\/strong> \u2013 durch diese L\u00f6sung wird das Laserverfahren gegen\u00fcber der Stanzmaschine in Hinblick auf Zeitersparnis konkurrenzf\u00e4hig. W\u00e4hrend der Bearbeitung wird die Anlage beim Positionieren zwischen Konturen so ein- und ausgeschaltet, dass die Maschinenachsen nicht zum Stillstand kommen.[\/vc_column_text][\/vc_column][vc_column width=&#8220;1\/2&#8243; css=&#8220;.vc_custom_1564474608414{padding-top: 20px !important;padding-bottom: 20px !important;}&#8220;][vc_single_image image=&#8220;602&#8243; img_size=&#8220;full&#8220; qode_css_animation=&#8220;&#8220; css=&#8220;.vc_custom_1567589885178{margin-bottom: 45px !important;}&#8220;][\/vc_column][\/vc_row][vc_row row_type=&#8220;row&#8220; use_row_as_full_screen_section=&#8220;no&#8220; type=&#8220;grid&#8220; text_align=&#8220;left&#8220; background_animation=&#8220;none&#8220; css_animation=&#8220;&#8220; css=&#8220;.vc_custom_1564475198233{padding-bottom: 5% !important;}&#8220;][vc_column width=&#8220;1\/2&#8243; css=&#8220;.vc_custom_1688550552175{padding-top: 400px !important;background-image: url(https:\/\/czora.eu\/wp-content\/uploads\/2023\/07\/trulaser-1030.jpg?id=2380) !important;background-position: center !important;background-repeat: no-repeat !important;background-size: cover !important;}&#8220;][\/vc_column][vc_column width=&#8220;1\/2&#8243; css=&#8220;.vc_custom_1688550588300{padding-top: 16% !important;padding-bottom: 20px !important;padding-left: 10% !important;}&#8220;][vc_column_text]<strong>Um den Bed\u00fcrfnissen der Kunden gerecht zu werden, haben wir in die neue TruLaser 1030 investiert.<\/strong><\/p>\n<p>&nbsp;<\/p>\n<p>Es handelt sich um einen Faserlaser, der mit einer Bohrkopfphase ausgestattet ist. Dies wird zus\u00e4tzliche Produktionsprozesse einsparen und somit die Produktionszeit und den Kundenportefeuille reduzieren.[\/vc_column_text][\/vc_column][\/vc_row][vc_row row_type=&#8220;row&#8220; use_row_as_full_screen_section=&#8220;no&#8220; type=&#8220;full_width&#8220; text_align=&#8220;left&#8220; background_animation=&#8220;none&#8220; css_animation=&#8220;&#8220;][vc_column]<div class='qode_carousels_holder clearfix hover_second_image'><div class='qode_carousels ' data-number_of_items = 3><ul class='slides'><li class='item'><div class=\"carousel_item_holder\"><span class='first_image_holder '><img src='https:\/\/czora.eu\/wp-content\/uploads\/2023\/07\/ciecie-1.webp' alt='ciecie-laserowe-1'><\/span><\/div><\/li><li class='item'><div class=\"carousel_item_holder\"><span class='first_image_holder '><img src='https:\/\/czora.eu\/wp-content\/uploads\/2023\/07\/ciecie-2.webp' alt='ciecie-laserowe-2'><\/span><\/div><\/li><li class='item'><div class=\"carousel_item_holder\"><span class='first_image_holder '><img src='https:\/\/czora.eu\/wp-content\/uploads\/2023\/07\/ciecie-3.webp' alt='ciecie-laserowe-3'><\/span><\/div><\/li><li class='item'><div class=\"carousel_item_holder\"><span class='first_image_holder '><img src='https:\/\/czora.eu\/wp-content\/uploads\/2023\/07\/ciecie-4.webp' alt='ciecie-laserowe-4'><\/span><\/div><\/li><li class='item'><div class=\"carousel_item_holder\"><span class='first_image_holder '><img src='https:\/\/czora.eu\/wp-content\/uploads\/2023\/07\/ciecie-5.webp' alt='ciecie-laserowe-5'><\/span><\/div><\/li><li class='item'><div class=\"carousel_item_holder\"><span class='first_image_holder '><img src='https:\/\/czora.eu\/wp-content\/uploads\/2023\/07\/ciecie-6.webp' alt='ciecie-laserowe-6'><\/span><\/div><\/li><li class='item'><div class=\"carousel_item_holder\"><span class='first_image_holder '><img src='https:\/\/czora.eu\/wp-content\/uploads\/2023\/07\/ciecie-7.webp' alt='ciecie-laserowe-7'><\/span><\/div><\/li><li class='item'><div class=\"carousel_item_holder\"><span class='first_image_holder '><img src='https:\/\/czora.eu\/wp-content\/uploads\/2023\/07\/ciecie-8.webp' alt='ciecie-laserowe-8'><\/span><\/div><\/li><li class='item'><div class=\"carousel_item_holder\"><span class='first_image_holder '><img src='https:\/\/czora.eu\/wp-content\/uploads\/2023\/07\/ciecie-9.webp' alt='ciecie-laserowe-9'><\/span><\/div><\/li><\/ul><ul class=\"caroufredsel-direction-nav\"><li class=\"caroufredsel-prev-holder\"><a id=\"caroufredsel-prev\" class=\"qode_carousel_prev caroufredsel-navigation-item caroufredsel-prev\" href=\"javascript: void(0)\"><span class=\"arrow_carrot-left\"><\/span><\/a><\/li><li class=\"caroufredsel-next-holder\"><a class=\"qode_carousel_next caroufredsel-next caroufredsel-navigation-item\" id=\"caroufredsel-next\" href=\"javascript: void(0)\"><span class=\"arrow_carrot-right\"><\/span><\/a><\/li><\/ul><\/div><\/div>[\/vc_column][\/vc_row]<\/p>\n<\/div>","protected":false},"excerpt":{"rendered":"<p>[vc_row row_type=&#8220;row&#8220; use_row_as_full_screen_section=&#8220;no&#8220; type=&#8220;full_width&#8220; text_align=&#8220;left&#8220; background_animation=&#8220;none&#8220; css_animation=&#8220;&#8220; css=&#8220;.vc_custom_1567068308446{padding-top: 55px !important;background-color: #23475e !important;}&#8220;][vc_column width=&#8220;1\/2&#8243;][qode_elements_holder number_of_columns=&#8220;one_column&#8220;][qode_elements_holder_item item_padding=&#8220;0 5% 50px 33%&#8220; item_padding_1280_1600=&#8220;0px 5% 50px 20%&#8220; item_padding_1024_1280=&#8220;0px 5% 50px 20%&#8220; item_padding_768_1024=&#8220;0px 5% 50px 20%&#8220; item_padding_600_768=&#8220;0px 35px 50px 35px&#8220; item_padding_480_600=&#8220;0px 35px 50px 35px&#8220; item_padding_480=&#8220;0px 35px 50px 35px&#8220;][vc_column_text el_class=&#8220;top-slid&#8220;] Laserschneiden 2D-Laserschneiden[\/vc_column_text][\/qode_elements_holder_item][\/qode_elements_holder][\/vc_column][vc_column&#8230;<\/p>\n","protected":false},"author":2,"featured_media":0,"parent":0,"menu_order":0,"comment_status":"closed","ping_status":"closed","template":"full_width.php","meta":{"footnotes":""},"class_list":["post-822","page","type-page","status-publish","hentry"],"aioseo_notices":[],"_links":{"self":[{"href":"https:\/\/czora.eu\/de\/wp-json\/wp\/v2\/pages\/822","targetHints":{"allow":["GET"]}}],"collection":[{"href":"https:\/\/czora.eu\/de\/wp-json\/wp\/v2\/pages"}],"about":[{"href":"https:\/\/czora.eu\/de\/wp-json\/wp\/v2\/types\/page"}],"author":[{"embeddable":true,"href":"https:\/\/czora.eu\/de\/wp-json\/wp\/v2\/users\/2"}],"replies":[{"embeddable":true,"href":"https:\/\/czora.eu\/de\/wp-json\/wp\/v2\/comments?post=822"}],"version-history":[{"count":2,"href":"https:\/\/czora.eu\/de\/wp-json\/wp\/v2\/pages\/822\/revisions"}],"predecessor-version":[{"id":2831,"href":"https:\/\/czora.eu\/de\/wp-json\/wp\/v2\/pages\/822\/revisions\/2831"}],"wp:attachment":[{"href":"https:\/\/czora.eu\/de\/wp-json\/wp\/v2\/media?parent=822"}],"curies":[{"name":"wp","href":"https:\/\/api.w.org\/{rel}","templated":true}]}}