{"id":828,"date":"2019-08-28T13:04:15","date_gmt":"2019-08-28T11:04:15","guid":{"rendered":"http:\/\/czora.eu\/de\/ciecie-na-przecinarkach-tasmowych-nc\/"},"modified":"2023-09-14T17:21:19","modified_gmt":"2023-09-14T15:21:19","slug":"nc-bandsaegen","status":"publish","type":"page","link":"https:\/\/czora.eu\/de\/nc-bandsaegen\/","title":{"rendered":"NC-Bands\u00e4gen"},"content":{"rendered":"<div class=\"wpb-content-wrapper\"><p>[vc_row row_type=&#8220;row&#8220; use_row_as_full_screen_section=&#8220;no&#8220; type=&#8220;full_width&#8220; text_align=&#8220;left&#8220; background_animation=&#8220;none&#8220; css_animation=&#8220;&#8220; css=&#8220;.vc_custom_1567068368962{padding-top: 55px !important;background-color: #23475e !important;}&#8220;][vc_column width=&#8220;1\/2&#8243;][qode_elements_holder number_of_columns=&#8220;one_column&#8220;][qode_elements_holder_item item_padding=&#8220;0 5% 50px 33%&#8220; item_padding_1280_1600=&#8220;0px 5% 50px 20%&#8220; item_padding_1024_1280=&#8220;0px 5% 50px 20%&#8220; item_padding_768_1024=&#8220;0px 5% 50px 20%&#8220; item_padding_600_768=&#8220;0px 35px 50px 35px&#8220; item_padding_480_600=&#8220;0px 35px 50px 35px&#8220; item_padding_480=&#8220;0px 35px 50px 35px&#8220;][vc_column_text el_class=&#8220;top-slid&#8220;]<\/p>\n<h1>Schneiden mit NC-Bands\u00e4gen<\/h1>\n<p>&nbsp;<\/p>\n<p>Wir verwenden automatische NC-Trennmaschinen[\/vc_column_text][\/qode_elements_holder_item][\/qode_elements_holder][\/vc_column][vc_column width=&#8220;1\/2&#8243;][vc_single_image image=&#8220;667&#8243; img_size=&#8220;full&#8220; alignment=&#8220;center&#8220; qode_css_animation=&#8220;&#8220;][\/vc_column][\/vc_row][vc_row row_type=&#8220;row&#8220; use_row_as_full_screen_section=&#8220;no&#8220; type=&#8220;grid&#8220; text_align=&#8220;left&#8220; background_animation=&#8220;none&#8220; css_animation=&#8220;&#8220; css=&#8220;.vc_custom_1567594018770{padding-top: 5% !important;}&#8220;][vc_column width=&#8220;1\/2&#8243; css=&#8220;.vc_custom_1688552352774{padding-top: 20% !important;padding-bottom: 20px !important;}&#8220;][vc_column_text]<\/p>\n<h2>Wir verwenden automatische NC-Trennmaschinen<\/h2>\n<p>&nbsp;<\/p>\n<h4>St\u00e4rke und Pr\u00e4zision<\/h4>\n<p>&nbsp;<\/p>\n<p>In unserem Maschinenpark stehen automatische <strong>NC-Bands\u00e4gen<\/strong> zur Verf\u00fcgung. Es k\u00f6nnen sowohl die Einzelst\u00fccke als auch ganze St\u00fcckpakete mit <strong>der Breite von bis 450 mm und H\u00f6he von 220 mm geschnitten werden<\/strong>.[\/vc_column_text][\/vc_column][vc_column width=&#8220;1\/2&#8243; css=&#8220;.vc_custom_1564474602434{padding-top: 20px !important;padding-bottom: 20px !important;}&#8220;][vc_single_image image=&#8220;427&#8243; img_size=&#8220;full&#8220; alignment=&#8220;right&#8220; qode_css_animation=&#8220;&#8220;][\/vc_column][\/vc_row][vc_row row_type=&#8220;row&#8220; use_row_as_full_screen_section=&#8220;no&#8220; type=&#8220;grid&#8220; text_align=&#8220;left&#8220; background_animation=&#8220;none&#8220; css_animation=&#8220;&#8220; css=&#8220;.vc_custom_1564474589153{padding-top: 5% !important;padding-bottom: 5% !important;}&#8220;][vc_column width=&#8220;1\/2&#8243; css=&#8220;.vc_custom_1564474608414{padding-top: 20px !important;padding-bottom: 20px !important;}&#8220;][vc_single_image image=&#8220;429&#8243; img_size=&#8220;full&#8220; alignment=&#8220;right&#8220; qode_css_animation=&#8220;&#8220;][\/vc_column][vc_column width=&#8220;1\/2&#8243; css=&#8220;.vc_custom_1688552373829{padding-top: 33% !important;padding-bottom: 20px !important;}&#8220;][vc_column_text]<strong>Wir bieten<\/strong> Profil-, Rohr-, Stab-, Walzschneiden und Bearbeitung anderer spezifischen Werkst\u00fccke an. Wir schneiden Stahl, Edelstahl, Aluminium u.v.m. Zudem bieten wir <strong>die Entfernung von scharfen Kanten<\/strong> nach dem Schneidverfahren durch Entgratungsautomaten an. <strong>Qualit\u00e4t, Leistung und Termintreue gew\u00e4hrleistet!<\/strong>[\/vc_column_text][\/vc_column][\/vc_row][vc_row row_type=&#8220;row&#8220; use_row_as_full_screen_section=&#8220;no&#8220; type=&#8220;full_width&#8220; text_align=&#8220;left&#8220; background_animation=&#8220;none&#8220; css_animation=&#8220;&#8220;][vc_column]<div class='qode_carousels_holder clearfix hover_second_image'><div class='qode_carousels ' data-number_of_items = 3><ul class='slides'><li class='item'><div class=\"carousel_item_holder\"><span class='first_image_holder '><img src='http:\/\/czora.eu\/wp-content\/uploads\/2019\/09\/przecinarki-tasmowe-1.jpg' alt='ciecie-na-przecinarkach-1'><\/span><\/div><\/li><li class='item'><div class=\"carousel_item_holder\"><span class='first_image_holder '><img src='http:\/\/czora.eu\/wp-content\/uploads\/2019\/09\/przecinarki-tasmowe-2.jpg' alt='ciecie-na-przecinarkach-2'><\/span><\/div><\/li><li class='item'><div class=\"carousel_item_holder\"><span class='first_image_holder '><img src='http:\/\/czora.eu\/wp-content\/uploads\/2019\/09\/przecinarki-tasmowe-3.jpg' alt='ciecie-na-przecinarkach-3'><\/span><\/div><\/li><li class='item'><div class=\"carousel_item_holder\"><span class='first_image_holder '><img src='http:\/\/czora.eu\/wp-content\/uploads\/2019\/09\/przecinarki-tasmowe-4.jpg' alt='ciecie-na-przecinarkach-4'><\/span><\/div><\/li><\/ul><ul class=\"caroufredsel-direction-nav\"><li class=\"caroufredsel-prev-holder\"><a id=\"caroufredsel-prev\" class=\"qode_carousel_prev caroufredsel-navigation-item caroufredsel-prev\" href=\"javascript: void(0)\"><span class=\"arrow_carrot-left\"><\/span><\/a><\/li><li class=\"caroufredsel-next-holder\"><a class=\"qode_carousel_next caroufredsel-next caroufredsel-navigation-item\" id=\"caroufredsel-next\" href=\"javascript: void(0)\"><span class=\"arrow_carrot-right\"><\/span><\/a><\/li><\/ul><\/div><\/div>[\/vc_column][\/vc_row]<\/p>\n<\/div>","protected":false},"excerpt":{"rendered":"<p>[vc_row row_type=&#8220;row&#8220; use_row_as_full_screen_section=&#8220;no&#8220; type=&#8220;full_width&#8220; text_align=&#8220;left&#8220; background_animation=&#8220;none&#8220; css_animation=&#8220;&#8220; css=&#8220;.vc_custom_1567068368962{padding-top: 55px !important;background-color: #23475e !important;}&#8220;][vc_column width=&#8220;1\/2&#8243;][qode_elements_holder number_of_columns=&#8220;one_column&#8220;][qode_elements_holder_item item_padding=&#8220;0 5% 50px 33%&#8220; item_padding_1280_1600=&#8220;0px 5% 50px 20%&#8220; item_padding_1024_1280=&#8220;0px 5% 50px 20%&#8220; item_padding_768_1024=&#8220;0px 5% 50px 20%&#8220; item_padding_600_768=&#8220;0px 35px 50px 35px&#8220; item_padding_480_600=&#8220;0px 35px 50px 35px&#8220; item_padding_480=&#8220;0px 35px 50px 35px&#8220;][vc_column_text el_class=&#8220;top-slid&#8220;] Schneiden mit&#8230;<\/p>\n","protected":false},"author":2,"featured_media":0,"parent":0,"menu_order":0,"comment_status":"closed","ping_status":"closed","template":"full_width.php","meta":{"footnotes":""},"class_list":["post-828","page","type-page","status-publish","hentry"],"aioseo_notices":[],"_links":{"self":[{"href":"https:\/\/czora.eu\/de\/wp-json\/wp\/v2\/pages\/828","targetHints":{"allow":["GET"]}}],"collection":[{"href":"https:\/\/czora.eu\/de\/wp-json\/wp\/v2\/pages"}],"about":[{"href":"https:\/\/czora.eu\/de\/wp-json\/wp\/v2\/types\/page"}],"author":[{"embeddable":true,"href":"https:\/\/czora.eu\/de\/wp-json\/wp\/v2\/users\/2"}],"replies":[{"embeddable":true,"href":"https:\/\/czora.eu\/de\/wp-json\/wp\/v2\/comments?post=828"}],"version-history":[{"count":1,"href":"https:\/\/czora.eu\/de\/wp-json\/wp\/v2\/pages\/828\/revisions"}],"predecessor-version":[{"id":2834,"href":"https:\/\/czora.eu\/de\/wp-json\/wp\/v2\/pages\/828\/revisions\/2834"}],"wp:attachment":[{"href":"https:\/\/czora.eu\/de\/wp-json\/wp\/v2\/media?parent=828"}],"curies":[{"name":"wp","href":"https:\/\/api.w.org\/{rel}","templated":true}]}}