{"id":831,"date":"2019-08-28T13:08:15","date_gmt":"2019-08-28T11:08:15","guid":{"rendered":"http:\/\/czora.eu\/de\/zgrzewanie\/"},"modified":"2023-09-14T17:24:57","modified_gmt":"2023-09-14T15:24:57","slug":"wiederstandsschweissen","status":"publish","type":"page","link":"https:\/\/czora.eu\/de\/wiederstandsschweissen\/","title":{"rendered":"Wiederstandsschwei\u03b2en"},"content":{"rendered":"<div class=\"wpb-content-wrapper\"><p>[vc_row row_type=&#8220;row&#8220; use_row_as_full_screen_section=&#8220;no&#8220; type=&#8220;full_width&#8220; text_align=&#8220;left&#8220; background_animation=&#8220;none&#8220; css_animation=&#8220;&#8220; css=&#8220;.vc_custom_1567068347882{padding-top: 55px !important;background-color: #23475e !important;}&#8220;][vc_column width=&#8220;1\/2&#8243;][qode_elements_holder number_of_columns=&#8220;one_column&#8220;][qode_elements_holder_item item_padding=&#8220;0 5% 50px 33%&#8220; item_padding_1280_1600=&#8220;0px 5% 50px 20%&#8220; item_padding_1024_1280=&#8220;0px 5% 50px 20%&#8220; item_padding_768_1024=&#8220;0px 5% 50px 20%&#8220; item_padding_600_768=&#8220;0px 35px 50px 35px&#8220; item_padding_480_600=&#8220;0px 35px 50px 35px&#8220; item_padding_480=&#8220;0px 35px 50px 35px&#8220;][vc_column_text el_class=&#8220;top-slid&#8220;]<\/p>\n<h1>Wiederstandsschwei\u03b2en<\/h1>\n<p>&nbsp;<\/p>\n<p>Punktschwei\u00dfen zweiseitig und Bolzenschwei\u03b2en[\/vc_column_text][\/qode_elements_holder_item][\/qode_elements_holder][\/vc_column][vc_column width=&#8220;1\/2&#8243;][vc_single_image image=&#8220;679&#8243; img_size=&#8220;full&#8220; alignment=&#8220;center&#8220; qode_css_animation=&#8220;&#8220;][\/vc_column][\/vc_row][vc_row row_type=&#8220;row&#8220; use_row_as_full_screen_section=&#8220;no&#8220; type=&#8220;grid&#8220; text_align=&#8220;left&#8220; background_animation=&#8220;none&#8220; css_animation=&#8220;&#8220; css=&#8220;.vc_custom_1564474589153{padding-top: 5% !important;padding-bottom: 5% !important;}&#8220;][vc_column width=&#8220;1\/2&#8243; css=&#8220;.vc_custom_1564474608414{padding-top: 20px !important;padding-bottom: 20px !important;}&#8220;][vc_column_text]<\/p>\n<h2>Das leistungsst\u00e4rkste Pressschwei\u00dfenverfahren f\u00fcrs Blech<\/h2>\n<p>&nbsp;<\/p>\n<h4>HOCHPR\u00c4ZISES PUNKTSCHWEI\u00dfEN VON BLECH DER DICKE BIS 2X4 MM<\/h4>\n<p>&nbsp;<\/p>\n<p><strong>Punktschwei\u00dfen geh\u00f6rt zu den g\u00e4ngigsten Presschwei\u00dfverfahren f\u00fcr d\u00fcnnes Blech,<\/strong> das im serienm\u00e4\u00dfigen Mittel- und Gro\u00dfvolumenfertigungsverfahren zum Einsatz kommt, u.a. in der Automobil-, Bau- und Bahnindustrie.<\/p>\n<p><strong>Unser Unternehmen verf\u00fcgt \u00fcber Stationen zum Punktschwei\u00dfen f\u00fcr Blech<\/strong> der Dicke bis 2\u00d74 mm. Durch die Konstellation der Punktschwei\u00df-Stationen <strong>k\u00f6nnen auch 7 m lange<\/strong> Materialstreifen bearbeitet werden. Wir bearbeiten Stahl Schwarz und verzinkt. Wir besitzen auch zertifiziertes Messger\u00e4t zur Pr\u00fcfung von Festigkeit der Schwei\u00dfverbindungen. Dadurch gew\u00e4hrleisten wir die Einhaltung aller Qualit\u00e4tsanforderungen.[\/vc_column_text][\/vc_column][vc_column width=&#8220;1\/2&#8243; css=&#8220;.vc_custom_1564474602434{padding-top: 20px !important;padding-bottom: 20px !important;}&#8220;][vc_single_image image=&#8220;765&#8243; img_size=&#8220;full&#8220; alignment=&#8220;right&#8220; qode_css_animation=&#8220;&#8220; css=&#8220;.vc_custom_1567765258325{margin-bottom: 45px !important;}&#8220;][\/vc_column][\/vc_row][vc_row row_type=&#8220;row&#8220; use_row_as_full_screen_section=&#8220;no&#8220; type=&#8220;grid&#8220; text_align=&#8220;left&#8220; background_animation=&#8220;none&#8220; css_animation=&#8220;&#8220; css=&#8220;.vc_custom_1567595061985{padding-bottom: 5% !important;}&#8220;][vc_column width=&#8220;1\/2&#8243; css=&#8220;.vc_custom_1564474602434{padding-top: 20px !important;padding-bottom: 20px !important;}&#8220;][vc_single_image image=&#8220;766&#8243; img_size=&#8220;full&#8220; alignment=&#8220;right&#8220; qode_css_animation=&#8220;&#8220; css=&#8220;.vc_custom_1567765287343{margin-bottom: 45px !important;}&#8220;][\/vc_column][vc_column width=&#8220;1\/2&#8243; css=&#8220;.vc_custom_1566986052308{padding-top: 20px !important;padding-bottom: 5px !important;}&#8220;][vc_column_text]<\/p>\n<h4>KOPFBOLZENSCHWEISSEN F\u00dcR STIFTE UND BOLZEN AUS STAHL UND EDELSTAHL MIT DER DURCHMESSE BIS 16 MM.<\/h4>\n<p>[\/vc_column_text][\/vc_column][\/vc_row][vc_row row_type=&#8220;row&#8220; use_row_as_full_screen_section=&#8220;no&#8220; type=&#8220;full_width&#8220; text_align=&#8220;left&#8220; background_animation=&#8220;none&#8220; css_animation=&#8220;&#8220;][vc_column]<div class='qode_carousels_holder clearfix hover_second_image'><div class='qode_carousels ' data-number_of_items = 3><ul class='slides'><li class='item'><div class=\"carousel_item_holder\"><span class='first_image_holder '><img src='http:\/\/czora.eu\/wp-content\/uploads\/2019\/09\/zgrzewanie-punktowe-1.jpg' alt='zgrzewanie-1'><\/span><\/div><\/li><li class='item'><div class=\"carousel_item_holder\"><span class='first_image_holder '><img src='http:\/\/czora.eu\/wp-content\/uploads\/2019\/09\/zgrzewanie-punktowe-2.jpg' alt='zgrzewanie-2'><\/span><\/div><\/li><li class='item'><div class=\"carousel_item_holder\"><span class='first_image_holder '><img src='http:\/\/czora.eu\/wp-content\/uploads\/2019\/09\/zgrzewanie-punktowe-3.jpg' alt='zgrzewanie-3'><\/span><\/div><\/li><li class='item'><div class=\"carousel_item_holder\"><span class='first_image_holder '><img src='http:\/\/czora.eu\/wp-content\/uploads\/2019\/09\/zgrzewanie-punktowe-5.jpg' alt='zgrzewanie-6'><\/span><\/div><\/li><li class='item'><div class=\"carousel_item_holder\"><span class='first_image_holder '><img src='https:\/\/czora.eu\/wp-content\/uploads\/2023\/07\/b1.webp' alt='zgrzewanie-punktowe-7'><\/span><\/div><\/li><li class='item'><div class=\"carousel_item_holder\"><span class='first_image_holder '><img src='https:\/\/czora.eu\/wp-content\/uploads\/2023\/07\/b2.webp' alt='zgrzewanie-punktowe-8'><\/span><\/div><\/li><li class='item'><div class=\"carousel_item_holder\"><span class='first_image_holder '><img src='https:\/\/czora.eu\/wp-content\/uploads\/2023\/07\/b3.webp' alt='zgrzewanie-punktowe-9'><\/span><\/div><\/li><li class='item'><div class=\"carousel_item_holder\"><span class='first_image_holder '><img src='http:\/\/czora.eu\/wp-content\/uploads\/2019\/09\/zgrzewanie-punktowe-4-1.jpg' alt='Zgrzewanie-punktowe-pop'><\/span><\/div><\/li><\/ul><ul class=\"caroufredsel-direction-nav\"><li class=\"caroufredsel-prev-holder\"><a id=\"caroufredsel-prev\" class=\"qode_carousel_prev caroufredsel-navigation-item caroufredsel-prev\" href=\"javascript: void(0)\"><span class=\"arrow_carrot-left\"><\/span><\/a><\/li><li class=\"caroufredsel-next-holder\"><a class=\"qode_carousel_next caroufredsel-next caroufredsel-navigation-item\" id=\"caroufredsel-next\" href=\"javascript: void(0)\"><span class=\"arrow_carrot-right\"><\/span><\/a><\/li><\/ul><\/div><\/div>[\/vc_column][\/vc_row]<\/p>\n<\/div>","protected":false},"excerpt":{"rendered":"<p>[vc_row row_type=&#8220;row&#8220; use_row_as_full_screen_section=&#8220;no&#8220; type=&#8220;full_width&#8220; text_align=&#8220;left&#8220; background_animation=&#8220;none&#8220; css_animation=&#8220;&#8220; css=&#8220;.vc_custom_1567068347882{padding-top: 55px !important;background-color: #23475e !important;}&#8220;][vc_column width=&#8220;1\/2&#8243;][qode_elements_holder number_of_columns=&#8220;one_column&#8220;][qode_elements_holder_item item_padding=&#8220;0 5% 50px 33%&#8220; item_padding_1280_1600=&#8220;0px 5% 50px 20%&#8220; item_padding_1024_1280=&#8220;0px 5% 50px 20%&#8220; item_padding_768_1024=&#8220;0px 5% 50px 20%&#8220; item_padding_600_768=&#8220;0px 35px 50px 35px&#8220; item_padding_480_600=&#8220;0px 35px 50px 35px&#8220; item_padding_480=&#8220;0px 35px 50px 35px&#8220;][vc_column_text el_class=&#8220;top-slid&#8220;] Wiederstandsschwei\u03b2en &nbsp;&#8230;<\/p>\n","protected":false},"author":2,"featured_media":0,"parent":0,"menu_order":0,"comment_status":"closed","ping_status":"closed","template":"full_width.php","meta":{"footnotes":""},"class_list":["post-831","page","type-page","status-publish","hentry"],"aioseo_notices":[],"_links":{"self":[{"href":"https:\/\/czora.eu\/de\/wp-json\/wp\/v2\/pages\/831","targetHints":{"allow":["GET"]}}],"collection":[{"href":"https:\/\/czora.eu\/de\/wp-json\/wp\/v2\/pages"}],"about":[{"href":"https:\/\/czora.eu\/de\/wp-json\/wp\/v2\/types\/page"}],"author":[{"embeddable":true,"href":"https:\/\/czora.eu\/de\/wp-json\/wp\/v2\/users\/2"}],"replies":[{"embeddable":true,"href":"https:\/\/czora.eu\/de\/wp-json\/wp\/v2\/comments?post=831"}],"version-history":[{"count":2,"href":"https:\/\/czora.eu\/de\/wp-json\/wp\/v2\/pages\/831\/revisions"}],"predecessor-version":[{"id":2836,"href":"https:\/\/czora.eu\/de\/wp-json\/wp\/v2\/pages\/831\/revisions\/2836"}],"wp:attachment":[{"href":"https:\/\/czora.eu\/de\/wp-json\/wp\/v2\/media?parent=831"}],"curies":[{"name":"wp","href":"https:\/\/api.w.org\/{rel}","templated":true}]}}