{"id":833,"date":"2019-08-28T11:56:37","date_gmt":"2019-08-28T09:56:37","guid":{"rendered":"http:\/\/czora.eu\/de\/spawanie-reczne\/"},"modified":"2023-09-14T17:26:17","modified_gmt":"2023-09-14T15:26:17","slug":"manuellschweissen","status":"publish","type":"page","link":"https:\/\/czora.eu\/de\/manuellschweissen\/","title":{"rendered":"Manuellschwei\u00dfen"},"content":{"rendered":"<div class=\"wpb-content-wrapper\"><p>[vc_row row_type=&#8220;row&#8220; use_row_as_full_screen_section=&#8220;no&#8220; type=&#8220;full_width&#8220; text_align=&#8220;left&#8220; background_animation=&#8220;none&#8220; css_animation=&#8220;&#8220; css=&#8220;.vc_custom_1567068328970{padding-top: 55px !important;background-color: #23475e !important;}&#8220;][vc_column width=&#8220;1\/2&#8243;][qode_elements_holder number_of_columns=&#8220;one_column&#8220;][qode_elements_holder_item item_padding=&#8220;0 5% 50px 33%&#8220; item_padding_1280_1600=&#8220;0px 5% 50px 20%&#8220; item_padding_1024_1280=&#8220;0px 5% 50px 20%&#8220; item_padding_768_1024=&#8220;0px 5% 50px 20%&#8220; item_padding_600_768=&#8220;0px 35px 50px 35px&#8220; item_padding_480_600=&#8220;0px 35px 50px 35px&#8220; item_padding_480=&#8220;0px 35px 50px 35px&#8220;][vc_column_text el_class=&#8220;top-slid&#8220;]<\/p>\n<h1>Manuellschwei\u00dfen<\/h1>\n<p>&nbsp;<\/p>\n<p>Wir sind offen f\u00fcr individuelle Auftr\u00e4ge[\/vc_column_text][\/qode_elements_holder_item][\/qode_elements_holder][\/vc_column][vc_column width=&#8220;1\/2&#8243;][vc_single_image image=&#8220;698&#8243; img_size=&#8220;full&#8220; alignment=&#8220;center&#8220; qode_css_animation=&#8220;&#8220;][\/vc_column][\/vc_row][vc_row row_type=&#8220;row&#8220; use_row_as_full_screen_section=&#8220;no&#8220; type=&#8220;grid&#8220; text_align=&#8220;left&#8220; background_animation=&#8220;none&#8220; css_animation=&#8220;&#8220; css=&#8220;.vc_custom_1564474589153{padding-top: 5% !important;padding-bottom: 5% !important;}&#8220;][vc_column width=&#8220;1\/2&#8243; css=&#8220;.vc_custom_1564474608414{padding-top: 20px !important;padding-bottom: 20px !important;}&#8220;][vc_column_text]<\/p>\n<h2>Schwei\u00dfen manuell f\u00fcr individuelle Projekte<\/h2>\n<p>&nbsp;<\/p>\n<h4>EMPFOHLEN BEI SPEZIFISCHEN AUFTR\u00c4GEN<\/h4>\n<p>&nbsp;<\/p>\n<p>Je nach individuellem Bedarf, Produktionsmenge und Charakteristik des Werkst\u00fccks wird manuelles Schwei\u00dfverfahren angeboten. <strong>Hochqualifizierte Schwei\u00dfer mit Schwei\u00dferpr\u00fcfungsbescheinigung nach PN-EN 9606<\/strong> werden jeder Schwei\u00dfaufgabe mit <strong>MIG\/MAG<\/strong> und <strong>TiG<\/strong>-Schwei\u00dfverfahren gerecht.[\/vc_column_text][\/vc_column][vc_column width=&#8220;1\/2&#8243; css=&#8220;.vc_custom_1564474602434{padding-top: 20px !important;padding-bottom: 20px !important;}&#8220;][vc_single_image image=&#8220;700&#8243; img_size=&#8220;full&#8220; alignment=&#8220;center&#8220; qode_css_animation=&#8220;&#8220;][\/vc_column][\/vc_row][vc_row row_type=&#8220;row&#8220; use_row_as_full_screen_section=&#8220;no&#8220; type=&#8220;full_width&#8220; text_align=&#8220;left&#8220; background_animation=&#8220;none&#8220; css_animation=&#8220;&#8220;][vc_column]<div class='qode_carousels_holder clearfix hover_second_image'><div class='qode_carousels ' data-number_of_items = 3><ul class='slides'><li class='item'><div class=\"carousel_item_holder\"><span class='first_image_holder '><img src='http:\/\/czora.eu\/wp-content\/uploads\/2019\/09\/spawanie-reczne-4.jpg' alt='spawanie-reczne-1'><\/span><\/div><\/li><li class='item'><div class=\"carousel_item_holder\"><span class='first_image_holder '><img src='http:\/\/czora.eu\/wp-content\/uploads\/2019\/09\/spawanie-reczne-1.jpg' alt='spawanie-reczne-2'><\/span><\/div><\/li><li class='item'><div class=\"carousel_item_holder\"><span class='first_image_holder '><img src='http:\/\/czora.eu\/wp-content\/uploads\/2019\/09\/spawanie-reczne-2.jpg' alt='spawanie-reczne-3'><\/span><\/div><\/li><li class='item'><div class=\"carousel_item_holder\"><span class='first_image_holder '><img src='http:\/\/czora.eu\/wp-content\/uploads\/2019\/09\/spawanie-reczne-3.jpg' alt='spawanie-reczne-4'><\/span><\/div><\/li><\/ul><ul class=\"caroufredsel-direction-nav\"><li class=\"caroufredsel-prev-holder\"><a id=\"caroufredsel-prev\" class=\"qode_carousel_prev caroufredsel-navigation-item caroufredsel-prev\" href=\"javascript: void(0)\"><span class=\"arrow_carrot-left\"><\/span><\/a><\/li><li class=\"caroufredsel-next-holder\"><a class=\"qode_carousel_next caroufredsel-next caroufredsel-navigation-item\" id=\"caroufredsel-next\" href=\"javascript: void(0)\"><span class=\"arrow_carrot-right\"><\/span><\/a><\/li><\/ul><\/div><\/div>[\/vc_column][\/vc_row]<\/p>\n<\/div>","protected":false},"excerpt":{"rendered":"<p>[vc_row row_type=&#8220;row&#8220; use_row_as_full_screen_section=&#8220;no&#8220; type=&#8220;full_width&#8220; text_align=&#8220;left&#8220; background_animation=&#8220;none&#8220; css_animation=&#8220;&#8220; css=&#8220;.vc_custom_1567068328970{padding-top: 55px !important;background-color: #23475e !important;}&#8220;][vc_column width=&#8220;1\/2&#8243;][qode_elements_holder number_of_columns=&#8220;one_column&#8220;][qode_elements_holder_item item_padding=&#8220;0 5% 50px 33%&#8220; item_padding_1280_1600=&#8220;0px 5% 50px 20%&#8220; item_padding_1024_1280=&#8220;0px 5% 50px 20%&#8220; item_padding_768_1024=&#8220;0px 5% 50px 20%&#8220; item_padding_600_768=&#8220;0px 35px 50px 35px&#8220; item_padding_480_600=&#8220;0px 35px 50px 35px&#8220; item_padding_480=&#8220;0px 35px 50px 35px&#8220;][vc_column_text el_class=&#8220;top-slid&#8220;] Manuellschwei\u00dfen &nbsp;&#8230;<\/p>\n","protected":false},"author":2,"featured_media":0,"parent":0,"menu_order":0,"comment_status":"closed","ping_status":"closed","template":"full_width.php","meta":{"footnotes":""},"class_list":["post-833","page","type-page","status-publish","hentry"],"aioseo_notices":[],"_links":{"self":[{"href":"https:\/\/czora.eu\/de\/wp-json\/wp\/v2\/pages\/833","targetHints":{"allow":["GET"]}}],"collection":[{"href":"https:\/\/czora.eu\/de\/wp-json\/wp\/v2\/pages"}],"about":[{"href":"https:\/\/czora.eu\/de\/wp-json\/wp\/v2\/types\/page"}],"author":[{"embeddable":true,"href":"https:\/\/czora.eu\/de\/wp-json\/wp\/v2\/users\/2"}],"replies":[{"embeddable":true,"href":"https:\/\/czora.eu\/de\/wp-json\/wp\/v2\/comments?post=833"}],"version-history":[{"count":1,"href":"https:\/\/czora.eu\/de\/wp-json\/wp\/v2\/pages\/833\/revisions"}],"predecessor-version":[{"id":2837,"href":"https:\/\/czora.eu\/de\/wp-json\/wp\/v2\/pages\/833\/revisions\/2837"}],"wp:attachment":[{"href":"https:\/\/czora.eu\/de\/wp-json\/wp\/v2\/media?parent=833"}],"curies":[{"name":"wp","href":"https:\/\/api.w.org\/{rel}","templated":true}]}}