{"id":841,"date":"2019-07-29T10:07:27","date_gmt":"2019-07-29T08:07:27","guid":{"rendered":"http:\/\/czora.eu\/de\/park-maszynowy\/"},"modified":"2023-09-14T17:41:59","modified_gmt":"2023-09-14T15:41:59","slug":"maschinenpark","status":"publish","type":"page","link":"https:\/\/czora.eu\/de\/maschinenpark\/","title":{"rendered":"Moderner Maschinenpark"},"content":{"rendered":"<div class=\"wpb-content-wrapper\"><p>[vc_row row_type=&#8220;row&#8220; use_row_as_full_screen_section=&#8220;no&#8220; type=&#8220;full_width&#8220; text_align=&#8220;left&#8220; background_animation=&#8220;none&#8220; css_animation=&#8220;&#8220; css=&#8220;.vc_custom_1567068266226{padding-top: 55px !important;background-color: #23475e !important;}&#8220;][vc_column width=&#8220;1\/2&#8243;][qode_elements_holder number_of_columns=&#8220;one_column&#8220;][qode_elements_holder_item item_padding=&#8220;0 5% 50px 33%&#8220; item_padding_1280_1600=&#8220;0px 5% 50px 20%&#8220; item_padding_1024_1280=&#8220;0px 5% 50px 20%&#8220; item_padding_768_1024=&#8220;0px 5% 50px 20%&#8220; item_padding_600_768=&#8220;0px 35px 50px 35px&#8220; item_padding_480_600=&#8220;0px 35px 50px 35px&#8220; item_padding_480=&#8220;0px 35px 50px 35px&#8220;][vc_column_text el_class=&#8220;top-slid&#8220;]<\/p>\n<h1>Moderner<br \/>\nMaschinenpark<\/h1>\n<p>&nbsp;<\/p>\n<p>Der Schl\u00fcssel zur Pr\u00e4zision liegt in hochmodernen Anlagen und hochqualifiziertem Personal.<\/p>\n<p>[\/vc_column_text][\/qode_elements_holder_item][\/qode_elements_holder][\/vc_column][vc_column width=&#8220;1\/2&#8243;][vc_single_image image=&#8220;729&#8243; img_size=&#8220;full&#8220; alignment=&#8220;center&#8220; qode_css_animation=&#8220;&#8220;][\/vc_column][\/vc_row][vc_row row_type=&#8220;row&#8220; use_row_as_full_screen_section=&#8220;no&#8220; type=&#8220;grid&#8220; text_align=&#8220;left&#8220; background_animation=&#8220;none&#8220; css_animation=&#8220;&#8220; css=&#8220;.vc_custom_1564483429765{padding-top: 5% !important;padding-bottom: 5% !important;background-color: #dadada !important;}&#8220;][vc_column][vc_column_text css=&#8220;.vc_custom_1694706091262{margin-bottom: 45px !important;}&#8220;]<\/p>\n<h4>UNSER MASCHINENPARK VERF\u00dcGT U.A. \u00dcBER<\/h4>\n<p>[\/vc_column_text][\/vc_column][vc_column width=&#8220;1\/2&#8243;][vc_column_text el_class=&#8220;lista&#8220;]<\/p>\n<ul>\n<li><strong>Automatische Arbeitsstellen:<\/strong> Motoman Yaskawa DX\/NX\/MRC<\/li>\n<li><strong>Schwei\u00dfdrehtische<\/strong> mit Schwei\u00dfm\u00f6glichkeiten von Werkst\u00fccken bis 3000x1200x1000 mm<\/li>\n<li><strong>Schwei\u00dfger\u00e4te MIG\/MAG und TIG<\/strong> f\u00fcr automatische und manuelle Arbeitsstellen<\/li>\n<li><strong>Punktschwei\u03b2maschienen<\/strong><\/li>\n<li><strong>Bands\u00e4genautomate<\/strong><\/li>\n<li><strong>Exzenterpressen<\/strong><\/li>\n<\/ul>\n<p>[\/vc_column_text][\/vc_column][vc_column width=&#8220;1\/2&#8243;][vc_column_text el_class=&#8220;lista&#8220;]<\/p>\n<ul>\n<li><strong>Mutifunktionale Pressen<\/strong> f\u00fcr Quadrat- und Rundprofile<\/li>\n<li><strong>Hydraulikpresse zum Biegen<\/strong><\/li>\n<li><strong>CNC-Dornbiegemaschinen<\/strong><\/li>\n<li><strong>3-Rollen-Dornbiegemaschinen NC<\/strong><\/li>\n<li><strong>Rohr- und Profilschleifmaschinen<\/strong><\/li>\n<li><strong>CNC-Bohrzentrum f\u00fcr Rohr und Profile<\/strong> mit M\u00f6glichkeit, Gewinden mittels Flowdrill-Thermobohren zu drehen<\/li>\n<\/ul>\n<p>[\/vc_column_text][\/vc_column][\/vc_row][vc_row row_type=&#8220;row&#8220; use_row_as_full_screen_section=&#8220;no&#8220; type=&#8220;full_width&#8220; text_align=&#8220;left&#8220; background_animation=&#8220;none&#8220; css_animation=&#8220;&#8220; css=&#8220;.vc_custom_1688558041272{padding-top: 600px !important;background-image: url(https:\/\/czora.eu\/wp-content\/uploads\/2023\/07\/park-maszynowy-1.webp?id=2490) !important;background-position: center !important;background-repeat: no-repeat !important;background-size: cover !important;}&#8220;][vc_column][\/vc_column][\/vc_row]<\/p>\n<\/div>","protected":false},"excerpt":{"rendered":"<p>[vc_row row_type=&#8220;row&#8220; use_row_as_full_screen_section=&#8220;no&#8220; type=&#8220;full_width&#8220; text_align=&#8220;left&#8220; background_animation=&#8220;none&#8220; css_animation=&#8220;&#8220; css=&#8220;.vc_custom_1567068266226{padding-top: 55px !important;background-color: #23475e !important;}&#8220;][vc_column width=&#8220;1\/2&#8243;][qode_elements_holder number_of_columns=&#8220;one_column&#8220;][qode_elements_holder_item item_padding=&#8220;0 5% 50px 33%&#8220; item_padding_1280_1600=&#8220;0px 5% 50px 20%&#8220; item_padding_1024_1280=&#8220;0px 5% 50px 20%&#8220; item_padding_768_1024=&#8220;0px 5% 50px 20%&#8220; item_padding_600_768=&#8220;0px 35px 50px 35px&#8220; item_padding_480_600=&#8220;0px 35px 50px 35px&#8220; item_padding_480=&#8220;0px 35px 50px 35px&#8220;][vc_column_text el_class=&#8220;top-slid&#8220;] Moderner Maschinenpark&#8230;<\/p>\n","protected":false},"author":2,"featured_media":0,"parent":0,"menu_order":0,"comment_status":"closed","ping_status":"closed","template":"full_width.php","meta":{"footnotes":""},"class_list":["post-841","page","type-page","status-publish","hentry"],"aioseo_notices":[],"_links":{"self":[{"href":"https:\/\/czora.eu\/de\/wp-json\/wp\/v2\/pages\/841","targetHints":{"allow":["GET"]}}],"collection":[{"href":"https:\/\/czora.eu\/de\/wp-json\/wp\/v2\/pages"}],"about":[{"href":"https:\/\/czora.eu\/de\/wp-json\/wp\/v2\/types\/page"}],"author":[{"embeddable":true,"href":"https:\/\/czora.eu\/de\/wp-json\/wp\/v2\/users\/2"}],"replies":[{"embeddable":true,"href":"https:\/\/czora.eu\/de\/wp-json\/wp\/v2\/comments?post=841"}],"version-history":[{"count":6,"href":"https:\/\/czora.eu\/de\/wp-json\/wp\/v2\/pages\/841\/revisions"}],"predecessor-version":[{"id":2846,"href":"https:\/\/czora.eu\/de\/wp-json\/wp\/v2\/pages\/841\/revisions\/2846"}],"wp:attachment":[{"href":"https:\/\/czora.eu\/de\/wp-json\/wp\/v2\/media?parent=841"}],"curies":[{"name":"wp","href":"https:\/\/api.w.org\/{rel}","templated":true}]}}