{"id":901,"date":"2019-08-28T11:38:05","date_gmt":"2019-08-28T09:38:05","guid":{"rendered":"http:\/\/czora.eu\/de\/kontrola-jakosci\/"},"modified":"2023-09-14T16:57:54","modified_gmt":"2023-09-14T14:57:54","slug":"qualitaetssicherung","status":"publish","type":"page","link":"https:\/\/czora.eu\/de\/qualitaetssicherung\/","title":{"rendered":"Qualit\u00e4tssicherung"},"content":{"rendered":"<div class=\"wpb-content-wrapper\"><p>[vc_row row_type=&#8220;row&#8220; use_row_as_full_screen_section=&#8220;no&#8220; type=&#8220;full_width&#8220; text_align=&#8220;left&#8220; background_animation=&#8220;none&#8220; css_animation=&#8220;&#8220; css=&#8220;.vc_custom_1567068147691{padding-top: 55px !important;background-color: #23475e !important;}&#8220;][vc_column css_animation=&#8220;zoomIn&#8220; width=&#8220;1\/2&#8243;][qode_elements_holder number_of_columns=&#8220;one_column&#8220;][qode_elements_holder_item item_padding=&#8220;0 5% 50px 33%&#8220; item_padding_1280_1600=&#8220;0px 5% 50px 20%&#8220; item_padding_1024_1280=&#8220;0px 5% 50px 20%&#8220; item_padding_768_1024=&#8220;0px 5% 50px 20%&#8220; item_padding_600_768=&#8220;0px 35px 50px 35px&#8220; item_padding_480_600=&#8220;0px 35px 50px 35px&#8220; item_padding_480=&#8220;0px 35px 50px 35px&#8220;][vc_column_text el_class=&#8220;top-slid&#8220;]<\/p>\n<h1>Qualit\u00e4tskontrolle<\/h1>\n<p>&nbsp;<\/p>\n<p>Kontinuierliche Verbesserung und laufende \u00dcberwachung des Produktionsprozesses erm\u00f6glichen es uns, die h\u00f6chste Qualit\u00e4t der angebotenen Produkte und Dienstleistungen zu liefern.[\/vc_column_text][\/qode_elements_holder_item][\/qode_elements_holder][\/vc_column][vc_column width=&#8220;1\/2&#8243;][vc_single_image image=&#8220;749&#8243; img_size=&#8220;full&#8220; alignment=&#8220;center&#8220; qode_css_animation=&#8220;&#8220;][\/vc_column][\/vc_row][vc_row row_type=&#8220;row&#8220; use_row_as_full_screen_section=&#8220;no&#8220; type=&#8220;grid&#8220; text_align=&#8220;left&#8220; background_animation=&#8220;none&#8220; css_animation=&#8220;element_from_right&#8220; css=&#8220;.vc_custom_1567152033596{padding-top: 5% !important;padding-bottom: 5% !important;}&#8220;][vc_column css=&#8220;.vc_custom_1564474608414{padding-top: 20px !important;padding-bottom: 20px !important;}&#8220;][vc_column_text]<\/p>\n<h1>Wir wissen, was die Qualit\u00e4t bedeuet!<\/h1>\n<p>&nbsp;<\/p>\n<h4>DAS UNTERNEHMEN CZORA VERF\u00dcGT \u00dcBER ALLE ERFORDERLICHEN ZERTIFIKATE UND QUALIFIKATIONEN, DIE HOCHWERTIGE LEISTUNGEN GEW\u00c4HRLEISTEN.<\/h4>\n<p>&nbsp;<\/p>\n<p>Unsere t\u00e4gliche Arbeit beruht auf den Qualit\u00e4tsmanagementsystemen ISO 9001:2015, DIN EN ISO 3834-2 und EN 1090-2:2018. Unsere Qualit\u00e4tssicherung verf\u00fcgt \u00fcber zertifizierte Messger\u00e4te, die jeden einzelnen Fertigungsprozess kontrollieren, wodurch die entsprechende Qualit\u00e4t gew\u00e4hrleistet werden kann.<\/p>\n<p>&nbsp;<\/p>\n<p><strong>Die Schwei\u00dfprozesse finden unter Kontrolle des zust\u00e4ndigen Schwei\u00dffachingenieurs<\/strong> (IWE) statt. Andere Prozesse werden von hochqualifiziertem Produktions\u00fcberwachungspersonal \u00fcberwacht. Um die h\u00f6chste Qualit\u00e4t der angebotenen Produkte oder Dienstleistungen aufrechtzuerhalten, verf\u00fcgt unser Mitarbeiterstamm \u00fcber ein entsprechendes Schulungssystem.[\/vc_column_text][vc_row_inner row_type=&#8220;row&#8220; type=&#8220;full_width&#8220; use_row_as_full_screen_section_slide=&#8220;no&#8220; text_align=&#8220;left&#8220; css_animation=&#8220;&#8220;][vc_column_inner width=&#8220;1\/2&#8243;][vc_column_text css=&#8220;.vc_custom_1694703426377{margin-top: 50px !important;}&#8220;]<strong>Zerst\u00f6rungsfreie Pr\u00fcfung (NDT):<\/strong><\/p>\n<ul>\n<li>Sichtpr\u00fcfung VT1 + VT2 (mehrere Sektoren des Produkts);<\/li>\n<li>Eindringpr\u00fcfung PT1 + PT2 von Schwei\u00dfn\u00e4hten;<\/li>\n<\/ul>\n<p>[\/vc_column_text][\/vc_column_inner][vc_column_inner width=&#8220;1\/2&#8243;][\/vc_column_inner][\/vc_row_inner][vc_column_text css=&#8220;.vc_custom_1694703449229{margin-top: 50px !important;}&#8220;]<strong>Zerst\u00f6rende Pr\u00fcfung (DT):<\/strong><\/p>\n<ul>\n<li>Makroskopische Untersuchung von metallografischen Schliffen;<\/li>\n<li>Mikroskopische Untersuchung von metallografischen Schliffen;<\/li>\n<li>Statischer Zugversuch;<\/li>\n<li>Bruchpr\u00fcfung von geschwei\u00dften Verbindungen.<\/li>\n<\/ul>\n<p>[\/vc_column_text][\/vc_column][\/vc_row][vc_row row_type=&#8220;row&#8220; use_row_as_full_screen_section=&#8220;no&#8220; type=&#8220;full_width&#8220; text_align=&#8220;left&#8220; background_animation=&#8220;none&#8220; css_animation=&#8220;&#8220; css=&#8220;.vc_custom_1568197865881{padding-top: 0px !important;padding-right: 0px !important;padding-bottom: 0px !important;padding-left: 0px !important;background-color: #23475e !important;}&#8220;][vc_column width=&#8220;1\/3&#8243; css=&#8220;.vc_custom_1568197475230{padding-top: 0px !important;padding-right: 0px !important;padding-bottom: 0px !important;padding-left: 0px !important;}&#8220;][qode_elements_holder number_of_columns=&#8220;one_column&#8220;][qode_elements_holder_item item_padding=&#8220;15% 0% 8% 16%&#8220; item_padding_600_768=&#8220;80px 35px 80px 35px&#8220; item_padding_480_600=&#8220;80px 35px 80px 35px&#8220; item_padding_480=&#8220;80px 35px 80px 35px&#8220;][vc_column_text el_class=&#8220;bialy&#8220;]<\/p>\n<h2>Qualit\u00e4ts- und<br \/>\nFestigkeitspr\u00fcfungen<\/h2>\n<p>&nbsp;<\/p>\n<h4>IN UNSEREM UNTERNEHMEN WERDEN T\u00c4GLICH ZAHLREICHE QUALIT\u00c4TS- UND FESTIGKEITSPR\u00dcFUNGEN UNSERER PRODUKTE DURCHGEF\u00dcHRT.<\/h4>\n<p>&nbsp;<\/p>\n<p>Sie k\u00f6nnen sicher sein, dass aufgrund unserer strengen Standards die qualitativ hochwertige Leistung gew\u00e4hrlesiet wird. <strong>Im Folgenden finden Sie Beispiele<\/strong> f\u00fcr unsere Festigkeits- und Bruchpr\u00fcfungen.[\/vc_column_text][\/qode_elements_holder_item][\/qode_elements_holder][\/vc_column][vc_column css_animation=&#8220;slideInRight&#8220; width=&#8220;2\/3&#8243; css=&#8220;.vc_custom_1568197902080{padding-top: 0px !important;padding-right: 0px !important;padding-bottom: 0px !important;padding-left: 0px !important;}&#8220;][vc_single_image image=&#8220;569&#8243; img_size=&#8220;full&#8220; alignment=&#8220;right&#8220; qode_css_animation=&#8220;&#8220;][\/vc_column][\/vc_row][vc_row row_type=&#8220;row&#8220; use_row_as_full_screen_section=&#8220;no&#8220; type=&#8220;full_width&#8220; text_align=&#8220;left&#8220; background_animation=&#8220;none&#8220; css_animation=&#8220;&#8220;][vc_column]<div class='qode_carousels_holder clearfix hover_second_image'><div class='qode_carousels ' data-number_of_items = 3><ul class='slides'><li class='item'><div class=\"carousel_item_holder\"><span class='first_image_holder '><img src='http:\/\/czora.eu\/wp-content\/uploads\/2019\/09\/kontrola-jakosci-1.jpg' alt='kontrola-jakosci-1'><\/span><\/div><\/li><li class='item'><div class=\"carousel_item_holder\"><span class='first_image_holder '><img src='http:\/\/czora.eu\/wp-content\/uploads\/2019\/09\/kontrola-jakosci-10.jpg' alt='kontrola-jakosci-10'><\/span><\/div><\/li><li class='item'><div class=\"carousel_item_holder\"><span class='first_image_holder '><img src='http:\/\/czora.eu\/wp-content\/uploads\/2019\/09\/kontrola-jakosci-2.jpg' alt='kontrola-jakosci-2'><\/span><\/div><\/li><li class='item'><div class=\"carousel_item_holder\"><span class='first_image_holder '><img src='http:\/\/czora.eu\/wp-content\/uploads\/2019\/09\/kontrola-jakosci-3.jpg' alt='kontrola-jakosci-3'><\/span><\/div><\/li><li class='item'><div class=\"carousel_item_holder\"><span class='first_image_holder '><img src='http:\/\/czora.eu\/wp-content\/uploads\/2019\/09\/kontrola-jakosci-4.jpg' alt='kontrola-jakosci-4'><\/span><\/div><\/li><li class='item'><div class=\"carousel_item_holder\"><span class='first_image_holder '><img src='http:\/\/czora.eu\/wp-content\/uploads\/2019\/09\/kontrola-jakosci-5.jpg' alt='kontrola-jakosci-5'><\/span><\/div><\/li><li class='item'><div class=\"carousel_item_holder\"><span class='first_image_holder '><img src='http:\/\/czora.eu\/wp-content\/uploads\/2019\/09\/kontrola-jakosci-6.jpg' alt='kontrola-jakosci-6'><\/span><\/div><\/li><li class='item'><div class=\"carousel_item_holder\"><span class='first_image_holder '><img src='http:\/\/czora.eu\/wp-content\/uploads\/2019\/09\/kontrola-jakosci-7.jpg' alt='kontrola-jakosci-7'><\/span><\/div><\/li><li class='item'><div class=\"carousel_item_holder\"><span class='first_image_holder '><img src='http:\/\/czora.eu\/wp-content\/uploads\/2019\/09\/kontrola-jakosci-8.jpg' alt='kontrola-jakosci-8'><\/span><\/div><\/li><li class='item'><div class=\"carousel_item_holder\"><span class='first_image_holder '><img src='http:\/\/czora.eu\/wp-content\/uploads\/2019\/09\/kontrola-jakosci-9.jpg' alt='kontrola-jakosci-9'><\/span><\/div><\/li><\/ul><ul class=\"caroufredsel-direction-nav\"><li class=\"caroufredsel-prev-holder\"><a id=\"caroufredsel-prev\" class=\"qode_carousel_prev caroufredsel-navigation-item caroufredsel-prev\" href=\"javascript: void(0)\"><span class=\"arrow_carrot-left\"><\/span><\/a><\/li><li class=\"caroufredsel-next-holder\"><a class=\"qode_carousel_next caroufredsel-next caroufredsel-navigation-item\" id=\"caroufredsel-next\" href=\"javascript: void(0)\"><span class=\"arrow_carrot-right\"><\/span><\/a><\/li><\/ul><\/div><\/div>[\/vc_column][\/vc_row]<\/p>\n<\/div>","protected":false},"excerpt":{"rendered":"<p>[vc_row row_type=&#8220;row&#8220; use_row_as_full_screen_section=&#8220;no&#8220; type=&#8220;full_width&#8220; text_align=&#8220;left&#8220; background_animation=&#8220;none&#8220; css_animation=&#8220;&#8220; css=&#8220;.vc_custom_1567068147691{padding-top: 55px !important;background-color: #23475e !important;}&#8220;][vc_column css_animation=&#8220;zoomIn&#8220; width=&#8220;1\/2&#8243;][qode_elements_holder number_of_columns=&#8220;one_column&#8220;][qode_elements_holder_item item_padding=&#8220;0 5% 50px 33%&#8220; item_padding_1280_1600=&#8220;0px 5% 50px 20%&#8220; item_padding_1024_1280=&#8220;0px 5% 50px 20%&#8220; item_padding_768_1024=&#8220;0px 5% 50px 20%&#8220; item_padding_600_768=&#8220;0px 35px 50px 35px&#8220; item_padding_480_600=&#8220;0px 35px 50px 35px&#8220; item_padding_480=&#8220;0px 35px 50px 35px&#8220;][vc_column_text el_class=&#8220;top-slid&#8220;] Qualit\u00e4tskontrolle&#8230;<\/p>\n","protected":false},"author":2,"featured_media":0,"parent":0,"menu_order":0,"comment_status":"closed","ping_status":"closed","template":"full_width.php","meta":{"footnotes":""},"class_list":["post-901","page","type-page","status-publish","hentry"],"aioseo_notices":[],"_links":{"self":[{"href":"https:\/\/czora.eu\/de\/wp-json\/wp\/v2\/pages\/901","targetHints":{"allow":["GET"]}}],"collection":[{"href":"https:\/\/czora.eu\/de\/wp-json\/wp\/v2\/pages"}],"about":[{"href":"https:\/\/czora.eu\/de\/wp-json\/wp\/v2\/types\/page"}],"author":[{"embeddable":true,"href":"https:\/\/czora.eu\/de\/wp-json\/wp\/v2\/users\/2"}],"replies":[{"embeddable":true,"href":"https:\/\/czora.eu\/de\/wp-json\/wp\/v2\/comments?post=901"}],"version-history":[{"count":2,"href":"https:\/\/czora.eu\/de\/wp-json\/wp\/v2\/pages\/901\/revisions"}],"predecessor-version":[{"id":2824,"href":"https:\/\/czora.eu\/de\/wp-json\/wp\/v2\/pages\/901\/revisions\/2824"}],"wp:attachment":[{"href":"https:\/\/czora.eu\/de\/wp-json\/wp\/v2\/media?parent=901"}],"curies":[{"name":"wp","href":"https:\/\/api.w.org\/{rel}","templated":true}]}}