{"id":2812,"date":"2023-07-05T13:58:18","date_gmt":"2023-07-05T11:58:18","guid":{"rendered":"https:\/\/czora.eu\/polityka-zsz\/"},"modified":"2024-11-19T09:22:34","modified_gmt":"2024-11-19T08:22:34","slug":"ims-policy","status":"publish","type":"page","link":"https:\/\/czora.eu\/en\/ims-policy\/","title":{"rendered":"IMS Policy"},"content":{"rendered":"<div class=\"wpb-content-wrapper\"><p>[vc_row row_type=&#8221;row&#8221; use_row_as_full_screen_section=&#8221;no&#8221; type=&#8221;full_width&#8221; text_align=&#8221;left&#8221; background_animation=&#8221;none&#8221; css_animation=&#8221;&#8221; css=&#8221;.vc_custom_1567068108325{padding-top: 55px !important;background-color: #23475e !important;}&#8221;][vc_column css_animation=&#8221;zoomIn&#8221; width=&#8221;1\/2&#8243;][qode_elements_holder number_of_columns=&#8221;one_column&#8221;][qode_elements_holder_item item_padding=&#8221;0 5% 50px 33%&#8221; item_padding_1280_1600=&#8221;0px 5% 50px 20%&#8221; item_padding_1024_1280=&#8221;0px 5% 50px 20%&#8221; item_padding_768_1024=&#8221;0px 5% 50px 20%&#8221; item_padding_600_768=&#8221;0px 35px 50px 35px&#8221; item_padding_480_600=&#8221;0px 35px 50px 35px&#8221; item_padding_480=&#8221;0px 35px 50px 35px&#8221;][vc_column_text el_class=&#8221;top-slid&#8221;]<\/p>\n<h1>Integrated Management System (IMS) Policy<\/h1>\n<p>[\/vc_column_text][\/qode_elements_holder_item][\/qode_elements_holder][\/vc_column][vc_column width=&#8221;1\/2&#8243;][vc_single_image image=&#8221;414&#8243; img_size=&#8221;full&#8221; alignment=&#8221;center&#8221; qode_css_animation=&#8221;&#8221;][\/vc_column][\/vc_row][vc_row row_type=&#8221;row&#8221; use_row_as_full_screen_section=&#8221;no&#8221; type=&#8221;grid&#8221; text_align=&#8221;left&#8221; background_animation=&#8221;none&#8221; css_animation=&#8221;&#8221; css=&#8221;.vc_custom_1564474589153{padding-top: 5% !important;padding-bottom: 5% !important;}&#8221;][vc_column width=&#8221;1\/2&#8243; css=&#8221;.vc_custom_1564474608414{padding-top: 20px !important;padding-bottom: 20px !important;}&#8221;][vc_column_text]<\/p>\n<h2>Quality policy<br \/>\nCzora Sp. z o.o. Sp. k<\/h2>\n<h4><span lang=\"EN-GB\">THIS QUALITY POLICY IS AIMED AT MAINTAINING HIGH QUALITY PRODUCTS AND BUILDING PARTNER RELATIONS IN TRUST TO THE COMPANY.<\/span><\/h4>\n<p>&nbsp;<\/p>\n<p>The primary objective of the Quality Management System of CZORA sp\u00f3\u0142ka z\u00a0ograniczon\u0105 odpowiedzialno\u015bci\u0105 sp\u00f3\u0142ka komandytowa (limited liability company limited partnership) with its registered office in Opole comprising:<\/p>\n<ul>\n<li>welding (robotised and manual MIG\/MAG, TIG),<\/li>\n<li>mechanical metalworking (machining, plastic, thermal),<\/li>\n<li>chemical treatment of metals (alkaline electroplating),<\/li>\n<\/ul>\n<p>is to meet customer requirements and expectations as well as legal regulations and applicable standards.<\/p>\n<p>&nbsp;<\/p>\n<p>This Quality Policy is known, understood and accepted by all staff, and the Integrated Management System Supervisor is responsible for its implementation.[\/vc_column_text][\/vc_column][vc_column css_animation=&#8221;zoomIn&#8221; width=&#8221;1\/2&#8243; css=&#8221;.vc_custom_1567151987414{padding-top: 20px !important;padding-bottom: 20px !important;}&#8221;][vc_row_inner row_type=&#8221;row&#8221; type=&#8221;full_width&#8221; use_row_as_full_screen_section_slide=&#8221;no&#8221; text_align=&#8221;left&#8221; css_animation=&#8221;&#8221;][vc_column_inner width=&#8221;1\/2&#8243;][vc_single_image image=&#8221;192&#8243; img_size=&#8221;full&#8221; alignment=&#8221;center&#8221; qode_css_animation=&#8221;&#8221;][\/vc_column_inner][vc_column_inner width=&#8221;1\/2&#8243;][vc_column_text]<\/p>\n<h2>CZORA<br \/>\nQuality<br \/>\nStandart<br \/>\nSystem<\/h2>\n<p>[\/vc_column_text][vc_single_image image=&#8221;194&#8243; img_size=&#8221;full&#8221; qode_css_animation=&#8221;&#8221; css=&#8221;.vc_custom_1564487740226{margin-top: 10px !important;}&#8221;][\/vc_column_inner][\/vc_row_inner][vc_column_text css=&#8221;.vc_custom_1694690618409{margin-top: 50px !important;}&#8221;]<strong><span lang=\"EN-GB\">We commit ourselves to<\/span><\/strong><span lang=\"EN-GB\">:<\/span><\/p>\n<ul>\n<li><span lang=\"EN-GB\">continuous improvement of the effectiveness of the functioning Quality Management System<\/span><\/li>\n<li><span lang=\"EN-GB\">systematic market research on the needs and expectations of clients and interested parties<\/span><\/li>\n<li><span lang=\"EN-GB\">purchase exclusively from qualified suppliers<\/span><\/li>\n<li><span lang=\"EN-GB\">setting and achieving specific quality objectives at all levels of management and for all functions<\/span><\/li>\n<li><span lang=\"EN-GB\">creating conditions for the involvement of employees in the achievement of quality objectives and the systematic improvement of their qualifications<\/span><\/li>\n<\/ul>\n<p>[\/vc_column_text][\/vc_column][\/vc_row][vc_row row_type=&#8221;row&#8221; use_row_as_full_screen_section=&#8221;no&#8221; type=&#8221;grid&#8221; text_align=&#8221;left&#8221; background_animation=&#8221;none&#8221; css_animation=&#8221;&#8221; css=&#8221;.vc_custom_1688638790711{padding-top: 5% !important;padding-bottom: 5% !important;background-color: #f2f2f2 !important;}&#8221;][vc_column width=&#8221;1\/2&#8243; css=&#8221;.vc_custom_1564474608414{padding-top: 20px !important;padding-bottom: 20px !important;}&#8221;][vc_column_text]<\/p>\n<h2>Environmental Policy CZORA Sp. z o.o. Sp.k.<\/h2>\n<p>By establishing an Environmental Management System, we aim to conduct the activities in our company with particular care for the environment.<\/p>\n<p>The primary objective of the Environmental Management System of CZORA sp\u00f3\u0142ka z\u00a0ograniczon\u0105 odpowiedzialno\u015bci\u0105 sp\u00f3\u0142ka komandytowa (limited liability company limited partnership) with its registered office in Opole comprising of:<br \/>\n&#8211; welding (robotised and manual MIG\/MAG, TIG),<br \/>\n&#8211; mechanical metalworking (machining, plastic, thermal),<br \/>\n&#8211; chemical metalworking (alkaline electroplating),<br \/>\nis to reduce the negative impact of the company&#8217;s activities on the environment in terms of:<br \/>\n\u2013 emissions of dust and gases into the air,<br \/>\n\u2013 noise emissions,<br \/>\n\u2013 generation of waste,<br \/>\n\u2013 generation of waste water,<br \/>\n\u2013 introduction of new packaging.[\/vc_column_text][\/vc_column][vc_column css_animation=&#8221;zoomIn&#8221; width=&#8221;1\/2&#8243; css=&#8221;.vc_custom_1567151987414{padding-top: 20px !important;padding-bottom: 20px !important;}&#8221;][vc_column_text css=&#8221;.vc_custom_1694690685585{margin-top: 50px !important;}&#8221;]<strong>We commit to:<\/strong><\/p>\n<p>\u2013 to maintain and continuously improve environmental management methods,<br \/>\n\u2013 to meet current and future legal requirements regarding our environmental aspects,<br \/>\n\u2013 to include modern environmental protection technologies in the implementation of new production processes and the modernisation of existing ones,<br \/>\n\u2013 to carry out rational waste management and minimise the consumption of natural resources,<br \/>\n\u2013 to ensure the rational use of chemical substances and their continuous monitoring in production processes with regard to possible failures and their impact on the environment,<br \/>\n\u2013 to ensure the recovery and recycling of packaging and to conduct public education campaigns,<br \/>\n\u2013 to systematically assess the effect of environmental activities.<\/p>\n<p>We will carry out our activities on the basis of a continuously improved, Environmental Management System in accordance with the requirements of EN ISO 14001:2015-09P Environmental management systems \u2013 Requirements and application guidelines, which is part of an Integrated Management System.<\/p>\n<p>This Environmental Policy is known, understood and accepted by all staff and the Integrated Management System Supervisor is responsible for its implementation.[\/vc_column_text][\/vc_column][\/vc_row][vc_row row_type=&#8221;row&#8221; use_row_as_full_screen_section=&#8221;no&#8221; type=&#8221;grid&#8221; text_align=&#8221;left&#8221; background_animation=&#8221;none&#8221; css_animation=&#8221;&#8221; css=&#8221;.vc_custom_1732004392624{padding-top: 5% !important;padding-bottom: 5% !important;background-color: #f7f7f7 !important;}&#8221;][vc_column width=&#8221;1\/2&#8243; css=&#8221;.vc_custom_1732004460001{padding-top: 50px !important;padding-bottom: 20px !important;}&#8221;][vc_column_text]<strong>CZORA SP Z OO SP K has earned a Bronze Medal, a recognition awarded to the Top 35% of companies assessed by EcoVadis in the 12 months prior to the medal issue date. It reflects the quality of the company&#8217;s sustainability management system and demonstrates a commitment to promoting transparency throughout the value chain.<\/strong><\/p>\n<p>&nbsp;<\/p>\n<p>EcoVadis is recognized globally for trusted business sustainability ratings.<\/p>\n<p>&nbsp;<\/p>\n<p>EcoVadis medals and badges recognize companies that have completed the EcoVadis assessment process and demonstrated a relatively strong management system that addresses sustainability criteria, as outlined in the EcoVadis methodology.[\/vc_column_text][\/vc_column][vc_column css_animation=&#8221;zoomIn&#8221; width=&#8221;1\/2&#8243; css=&#8221;.vc_custom_1567151987414{padding-top: 20px !important;padding-bottom: 20px !important;}&#8221;][vc_single_image image=&#8221;4537&#8243; img_size=&#8221;large&#8221; alignment=&#8221;center&#8221; qode_css_animation=&#8221;&#8221;][\/vc_column][\/vc_row]<\/p>\n<\/div>","protected":false},"excerpt":{"rendered":"<p>[vc_row row_type=&#8221;row&#8221; use_row_as_full_screen_section=&#8221;no&#8221; type=&#8221;full_width&#8221; text_align=&#8221;left&#8221; background_animation=&#8221;none&#8221; css_animation=&#8221;&#8221; css=&#8221;.vc_custom_1567068108325{padding-top: 55px !important;background-color: #23475e !important;}&#8221;][vc_column css_animation=&#8221;zoomIn&#8221; width=&#8221;1\/2&#8243;][qode_elements_holder number_of_columns=&#8221;one_column&#8221;][qode_elements_holder_item item_padding=&#8221;0 5% 50px 33%&#8221; item_padding_1280_1600=&#8221;0px 5% 50px 20%&#8221; item_padding_1024_1280=&#8221;0px 5% 50px 20%&#8221; item_padding_768_1024=&#8221;0px 5% 50px 20%&#8221; item_padding_600_768=&#8221;0px 35px 50px 35px&#8221; item_padding_480_600=&#8221;0px 35px 50px 35px&#8221; item_padding_480=&#8221;0px 35px 50px 35px&#8221;][vc_column_text el_class=&#8221;top-slid&#8221;] Integrated&#8230;<\/p>\n","protected":false},"author":2,"featured_media":0,"parent":0,"menu_order":0,"comment_status":"closed","ping_status":"closed","template":"full_width.php","meta":{"footnotes":""},"class_list":["post-2812","page","type-page","status-publish","hentry"],"aioseo_notices":[],"_links":{"self":[{"href":"https:\/\/czora.eu\/en\/wp-json\/wp\/v2\/pages\/2812","targetHints":{"allow":["GET"]}}],"collection":[{"href":"https:\/\/czora.eu\/en\/wp-json\/wp\/v2\/pages"}],"about":[{"href":"https:\/\/czora.eu\/en\/wp-json\/wp\/v2\/types\/page"}],"author":[{"embeddable":true,"href":"https:\/\/czora.eu\/en\/wp-json\/wp\/v2\/users\/2"}],"replies":[{"embeddable":true,"href":"https:\/\/czora.eu\/en\/wp-json\/wp\/v2\/comments?post=2812"}],"version-history":[{"count":3,"href":"https:\/\/czora.eu\/en\/wp-json\/wp\/v2\/pages\/2812\/revisions"}],"predecessor-version":[{"id":4546,"href":"https:\/\/czora.eu\/en\/wp-json\/wp\/v2\/pages\/2812\/revisions\/4546"}],"wp:attachment":[{"href":"https:\/\/czora.eu\/en\/wp-json\/wp\/v2\/media?parent=2812"}],"curies":[{"name":"wp","href":"https:\/\/api.w.org\/{rel}","templated":true}]}}